{"id":920,"date":"2020-01-15T14:10:45","date_gmt":"2020-01-15T14:10:45","guid":{"rendered":"http:\/\/tracertech.de\/?page_id=920"},"modified":"2022-03-05T12:48:47","modified_gmt":"2022-03-05T12:48:47","slug":"volumenstrom-in-stacks","status":"publish","type":"page","link":"https:\/\/tracertech.de\/en\/leistungen\/projekte\/volumenstrom-in-stacks\/","title":{"rendered":"Volumenstrom-in-Stacks"},"content":{"rendered":"<div data-elementor-type=\"wp-page\" data-elementor-id=\"920\" class=\"elementor elementor-920\" data-elementor-post-type=\"page\">\n\t\t\t\t\t\t<section class=\"ob-is-breaking-bad elementor-section elementor-top-section elementor-element elementor-element-6e6453d elementor-section-height-min-height elementor-section-boxed elementor-section-height-default elementor-section-items-middle\" data-id=\"6e6453d\" data-element_type=\"section\" data-e-type=\"section\" data-settings=\"{&quot;background_background&quot;:&quot;classic&quot;,&quot;_ob_bbad_use_it&quot;:&quot;yes&quot;,&quot;_ob_bbad_sssic_use&quot;:&quot;no&quot;,&quot;_ob_glider_is_slider&quot;:&quot;no&quot;}\">\n\t\t\t\t\t\t\t<div class=\"elementor-background-overlay\"><\/div>\n\t\t\t\t\t\t\t<div class=\"elementor-container elementor-column-gap-default\">\n\t\t\t\t\t<div class=\"elementor-column elementor-col-100 elementor-top-column elementor-element elementor-element-533f1a6\" data-id=\"533f1a6\" data-element_type=\"column\" data-e-type=\"column\" data-settings=\"{&quot;_ob_bbad_is_stalker&quot;:&quot;no&quot;,&quot;_ob_teleporter_use&quot;:false,&quot;_ob_column_hoveranimator&quot;:&quot;no&quot;,&quot;_ob_column_has_pseudo&quot;:&quot;no&quot;}\">\n\t\t\t<div class=\"elementor-widget-wrap elementor-element-populated\">\n\t\t\t\t\t\t<div class=\"elementor-element elementor-element-e2aab4d ob-harakiri-inherit ob-has-background-overlay elementor-widget elementor-widget-text-editor\" data-id=\"e2aab4d\" data-element_type=\"widget\" data-e-type=\"widget\" data-settings=\"{&quot;_ob_use_harakiri&quot;:&quot;yes&quot;,&quot;_ob_harakiri_writing_mode&quot;:&quot;inherit&quot;,&quot;_ob_postman_use&quot;:&quot;no&quot;,&quot;_ob_perspektive_use&quot;:&quot;no&quot;,&quot;_ob_poopart_use&quot;:&quot;yes&quot;,&quot;_ob_shadough_use&quot;:&quot;no&quot;,&quot;_ob_allow_hoveranimator&quot;:&quot;no&quot;,&quot;_ob_widget_stalker_use&quot;:&quot;no&quot;}\" data-widget_type=\"text-editor.default\">\n\t\t\t\t<div class=\"elementor-widget-container\">\n\t\t\t\t\t\t\t\t\t<p><strong>Volume Flow Measurement<br \/>in Stacks<\/strong><strong><br \/><\/strong><\/p>\t\t\t\t\t\t\t\t<\/div>\n\t\t\t\t<\/div>\n\t\t\t\t\t<\/div>\n\t\t<\/div>\n\t\t\t\t\t<\/div>\n\t\t<\/section>\n\t\t\t\t<section class=\"ob-is-breaking-bad elementor-section elementor-top-section elementor-element elementor-element-27069dc elementor-section-boxed elementor-section-height-default elementor-section-height-default\" data-id=\"27069dc\" data-element_type=\"section\" data-e-type=\"section\" data-settings=\"{&quot;_ob_bbad_use_it&quot;:&quot;yes&quot;,&quot;_ob_bbad_sssic_use&quot;:&quot;no&quot;,&quot;_ob_glider_is_slider&quot;:&quot;no&quot;}\">\n\t\t\t\t\t\t<div class=\"elementor-container elementor-column-gap-default\">\n\t\t\t\t\t<div class=\"elementor-column elementor-col-33 elementor-top-column elementor-element elementor-element-fc58bfb\" data-id=\"fc58bfb\" data-element_type=\"column\" data-e-type=\"column\" data-settings=\"{&quot;_ob_bbad_is_stalker&quot;:&quot;no&quot;,&quot;_ob_teleporter_use&quot;:false,&quot;_ob_column_hoveranimator&quot;:&quot;no&quot;,&quot;_ob_column_has_pseudo&quot;:&quot;no&quot;}\">\n\t\t\t<div class=\"elementor-widget-wrap elementor-element-populated\">\n\t\t\t\t\t\t<div class=\"elementor-element elementor-element-ee9f224 ob-harakiri-inherit ob-has-background-overlay elementor-widget elementor-widget-text-editor\" data-id=\"ee9f224\" data-element_type=\"widget\" data-e-type=\"widget\" data-settings=\"{&quot;_ob_use_harakiri&quot;:&quot;yes&quot;,&quot;_ob_harakiri_writing_mode&quot;:&quot;inherit&quot;,&quot;_ob_postman_use&quot;:&quot;no&quot;,&quot;_ob_perspektive_use&quot;:&quot;no&quot;,&quot;_ob_poopart_use&quot;:&quot;yes&quot;,&quot;_ob_shadough_use&quot;:&quot;no&quot;,&quot;_ob_allow_hoveranimator&quot;:&quot;no&quot;,&quot;_ob_widget_stalker_use&quot;:&quot;no&quot;}\" data-widget_type=\"text-editor.default\">\n\t\t\t\t<div class=\"elementor-widget-container\">\n\t\t\t\t\t\t\t\t\t<p>A precise volume flow measurement is essential to evaluate emissions from stacks. Many methods exist like pitot tube traverses, averaging pitot tubes, hot-wire anemometers, ultra-sonic flow meters, and critical orifices. The accuracy of these methods is limited when less-than-ideal flow characteristics exist, such as: asymmetric velocity distribution, off-axis flow components due to swirl, turbulence, very low flow, and reversal due to wakes or buoyancy.<\/p><p>These methods also require the measurement of the cross sectional area which can be a significant source of error if the shape and dimensions of the sampling section cannot be determined with sufficient accuracy.<\/p><p>Tracer gas dilution is a volumetric or whole field method for measuring flow. It does not require the measurement of the cross-sectional area of a duct and, with exception of flow reversal, it is insensitive to the non-ideal flow characteristics mentioned previously.<\/p>\t\t\t\t\t\t\t\t<\/div>\n\t\t\t\t<\/div>\n\t\t\t\t\t<\/div>\n\t\t<\/div>\n\t\t\t\t<div class=\"elementor-column elementor-col-33 elementor-top-column elementor-element elementor-element-a808fa9\" data-id=\"a808fa9\" data-element_type=\"column\" data-e-type=\"column\" data-settings=\"{&quot;_ob_bbad_is_stalker&quot;:&quot;no&quot;,&quot;_ob_teleporter_use&quot;:false,&quot;_ob_column_hoveranimator&quot;:&quot;no&quot;,&quot;_ob_column_has_pseudo&quot;:&quot;no&quot;}\">\n\t\t\t<div class=\"elementor-widget-wrap elementor-element-populated\">\n\t\t\t\t\t\t<div class=\"elementor-element elementor-element-bbdf14f ob-has-background-overlay elementor-widget elementor-widget-image\" data-id=\"bbdf14f\" data-element_type=\"widget\" data-e-type=\"widget\" data-settings=\"{&quot;_ob_photomorph_use&quot;:&quot;no&quot;,&quot;_ob_perspektive_use&quot;:&quot;no&quot;,&quot;_ob_poopart_use&quot;:&quot;yes&quot;,&quot;_ob_shadough_use&quot;:&quot;no&quot;,&quot;_ob_allow_hoveranimator&quot;:&quot;no&quot;,&quot;_ob_widget_stalker_use&quot;:&quot;no&quot;}\" data-widget_type=\"image.default\">\n\t\t\t\t<div class=\"elementor-widget-container\">\n\t\t\t\t\t\t\t\t\t\t\t\t\t\t\t<img fetchpriority=\"high\" decoding=\"async\" width=\"387\" height=\"678\" src=\"https:\/\/tracertech.de\/wp-content\/uploads\/2020\/01\/Stack.jpg\" class=\"attachment-large size-large wp-image-1019\" alt=\"\" srcset=\"https:\/\/tracertech.de\/wp-content\/uploads\/2020\/01\/Stack.jpg 387w, https:\/\/tracertech.de\/wp-content\/uploads\/2020\/01\/Stack-171x300.jpg 171w\" sizes=\"(max-width: 387px) 100vw, 387px\" \/>\t\t\t\t\t\t\t\t\t\t\t\t\t\t\t<\/div>\n\t\t\t\t<\/div>\n\t\t\t\t\t<\/div>\n\t\t<\/div>\n\t\t\t\t<div class=\"elementor-column elementor-col-33 elementor-top-column elementor-element elementor-element-305929f\" data-id=\"305929f\" data-element_type=\"column\" data-e-type=\"column\" data-settings=\"{&quot;_ob_bbad_is_stalker&quot;:&quot;no&quot;,&quot;_ob_teleporter_use&quot;:false,&quot;_ob_column_hoveranimator&quot;:&quot;no&quot;,&quot;_ob_column_has_pseudo&quot;:&quot;no&quot;}\">\n\t\t\t<div class=\"elementor-widget-wrap elementor-element-populated\">\n\t\t\t\t\t\t<div class=\"elementor-element elementor-element-ced1140 ob-harakiri-inherit ob-has-background-overlay elementor-widget elementor-widget-text-editor\" data-id=\"ced1140\" data-element_type=\"widget\" data-e-type=\"widget\" data-settings=\"{&quot;_ob_use_harakiri&quot;:&quot;yes&quot;,&quot;_ob_harakiri_writing_mode&quot;:&quot;inherit&quot;,&quot;_ob_postman_use&quot;:&quot;no&quot;,&quot;_ob_perspektive_use&quot;:&quot;no&quot;,&quot;_ob_poopart_use&quot;:&quot;yes&quot;,&quot;_ob_shadough_use&quot;:&quot;no&quot;,&quot;_ob_allow_hoveranimator&quot;:&quot;no&quot;,&quot;_ob_widget_stalker_use&quot;:&quot;no&quot;}\" data-widget_type=\"text-editor.default\">\n\t\t\t\t<div class=\"elementor-widget-container\">\n\t\t\t\t\t\t\t\t\t<p>The tracer test is comparable to the flow measurement in a duct. For stacks the standards ASTM E 2029 and the DIN EN ISO 16911-1 are applicable. The detection of the tracer concentration using gaschromatography (GC) with electron capture detection (ECD) is independent of the gas constituents (no cross interference). This differentiates the GC-ECD analysis from e.g. IR-analysis. The latter requires a cross compensation, which of course depends on the concentration of each stack gas constituents. Because concentrations of stack gas constituents vary with stack load, the GC-ECD analysis is more precise and with less effort involved.<\/p>\t\t\t\t\t\t\t\t<\/div>\n\t\t\t\t<\/div>\n\t\t\t\t\t<\/div>\n\t\t<\/div>\n\t\t\t\t\t<\/div>\n\t\t<\/section>\n\t\t\t\t<\/div>","protected":false},"excerpt":{"rendered":"<p>Volumenstrommessungen in Stacks Die pr\u00e4zise Volumenstrombestimmung in Abgasschornsteinen ist elementar f\u00fcr eine genaue Messung der Abgasemissionen. Die \u00fcblichen Verfahren mittels Staurohr-Traverse, Abfahren des Kaminquerschnitts mit einem Staurohr und Mittelung, Hitzdraht- oder Fl\u00fcgelradanemometer sind alle in ihrer Genauigkeit limitiert, wenn nicht-ideale Str\u00f6mungsbedingungen vorliegen. Dazu geh\u00f6ren asymmetrische Geschwindigkeitsverteilungen, Querstr\u00f6mungen durch Wirbel, Turbulenzen, sehr geringe Str\u00f6mungen oder entgegengesetzte [&hellip;]<\/p>\n","protected":false},"author":1,"featured_media":0,"parent":2114,"menu_order":3,"comment_status":"closed","ping_status":"closed","template":"","meta":{"ocean_post_layout":"full-screen","ocean_both_sidebars_style":"","ocean_both_sidebars_content_width":0,"ocean_both_sidebars_sidebars_width":0,"ocean_sidebar":"0","ocean_second_sidebar":"0","ocean_disable_margins":"enable","ocean_add_body_class":"","ocean_shortcode_before_top_bar":"","ocean_shortcode_after_top_bar":"","ocean_shortcode_before_header":"","ocean_shortcode_after_header":"","ocean_has_shortcode":"","ocean_shortcode_after_title":"","ocean_shortcode_before_footer_widgets":"","ocean_shortcode_after_footer_widgets":"","ocean_shortcode_before_footer_bottom":"","ocean_shortcode_after_footer_bottom":"","ocean_display_top_bar":"default","ocean_display_header":"default","ocean_header_style":"","ocean_center_header_left_menu":"0","ocean_custom_header_template":"0","ocean_custom_logo":0,"ocean_custom_retina_logo":0,"ocean_custom_logo_max_width":0,"ocean_custom_logo_tablet_max_width":0,"ocean_custom_logo_mobile_max_width":0,"ocean_custom_logo_max_height":0,"ocean_custom_logo_tablet_max_height":0,"ocean_custom_logo_mobile_max_height":0,"ocean_header_custom_menu":"0","ocean_menu_typo_font_family":"0","ocean_menu_typo_font_subset":"","ocean_menu_typo_font_size":0,"ocean_menu_typo_font_size_tablet":0,"ocean_menu_typo_font_size_mobile":0,"ocean_menu_typo_font_size_unit":"px","ocean_menu_typo_font_weight":"","ocean_menu_typo_font_weight_tablet":"","ocean_menu_typo_font_weight_mobile":"","ocean_menu_typo_transform":"","ocean_menu_typo_transform_tablet":"","ocean_menu_typo_transform_mobile":"","ocean_menu_typo_line_height":0,"ocean_menu_typo_line_height_tablet":0,"ocean_menu_typo_line_height_mobile":0,"ocean_menu_typo_line_height_unit":"","ocean_menu_typo_spacing":0,"ocean_menu_typo_spacing_tablet":0,"ocean_menu_typo_spacing_mobile":0,"ocean_menu_typo_spacing_unit":"","ocean_menu_link_color":"","ocean_menu_link_color_hover":"","ocean_menu_link_color_active":"","ocean_menu_link_background":"","ocean_menu_link_hover_background":"","ocean_menu_link_active_background":"","ocean_menu_social_links_bg":"","ocean_menu_social_hover_links_bg":"","ocean_menu_social_links_color":"","ocean_menu_social_hover_links_color":"","ocean_disable_title":"on","ocean_disable_heading":"default","ocean_post_title":"","ocean_post_subheading":"","ocean_post_title_style":"","ocean_post_title_background_color":"","ocean_post_title_background":0,"ocean_post_title_bg_image_position":"","ocean_post_title_bg_image_attachment":"","ocean_post_title_bg_image_repeat":"","ocean_post_title_bg_image_size":"","ocean_post_title_height":0,"ocean_post_title_bg_overlay":0.5,"ocean_post_title_bg_overlay_color":"","ocean_disable_breadcrumbs":"default","ocean_breadcrumbs_color":"","ocean_breadcrumbs_separator_color":"","ocean_breadcrumbs_links_color":"","ocean_breadcrumbs_links_hover_color":"","ocean_display_footer_widgets":"default","ocean_display_footer_bottom":"default","ocean_custom_footer_template":"0","footnotes":""},"class_list":["post-920","page","type-page","status-publish","hentry","entry"],"yoast_head":"<!-- This site is optimized with the Yoast SEO plugin v27.2 - https:\/\/yoast.com\/product\/yoast-seo-wordpress\/ -->\n<title>Volumenstrom-in-Stacks - TracerTech<\/title>\n<meta name=\"robots\" content=\"index, follow, max-snippet:-1, max-image-preview:large, max-video-preview:-1\" \/>\n<link rel=\"canonical\" href=\"https:\/\/tracertech.de\/en\/leistungen\/projekte\/volumenstrom-in-stacks\/\" \/>\n<meta property=\"og:locale\" content=\"en_US\" \/>\n<meta property=\"og:type\" content=\"article\" \/>\n<meta property=\"og:title\" content=\"Volumenstrom-in-Stacks - TracerTech\" \/>\n<meta property=\"og:description\" content=\"Volumenstrommessungen in Stacks Die pr\u00e4zise Volumenstrombestimmung in Abgasschornsteinen ist elementar f\u00fcr eine genaue Messung der Abgasemissionen. Die \u00fcblichen Verfahren mittels Staurohr-Traverse, Abfahren des Kaminquerschnitts mit einem Staurohr und Mittelung, Hitzdraht- oder Fl\u00fcgelradanemometer sind alle in ihrer Genauigkeit limitiert, wenn nicht-ideale Str\u00f6mungsbedingungen vorliegen. Dazu geh\u00f6ren asymmetrische Geschwindigkeitsverteilungen, Querstr\u00f6mungen durch Wirbel, Turbulenzen, sehr geringe Str\u00f6mungen oder entgegengesetzte [&hellip;]\" \/>\n<meta property=\"og:url\" content=\"https:\/\/tracertech.de\/en\/leistungen\/projekte\/volumenstrom-in-stacks\/\" \/>\n<meta property=\"og:site_name\" content=\"TracerTech\" \/>\n<meta property=\"article:modified_time\" content=\"2022-03-05T12:48:47+00:00\" \/>\n<meta property=\"og:image\" content=\"https:\/\/tracertech.de\/wp-content\/uploads\/2020\/01\/Stack.jpg\" \/>\n<meta name=\"twitter:card\" content=\"summary_large_image\" \/>\n<meta name=\"twitter:label1\" content=\"Est. reading time\" \/>\n\t<meta name=\"twitter:data1\" content=\"2 minutes\" \/>\n<script type=\"application\/ld+json\" class=\"yoast-schema-graph\">{\"@context\":\"https:\/\/schema.org\",\"@graph\":[{\"@type\":\"WebPage\",\"@id\":\"https:\/\/tracertech.de\/leistungen\/projekte\/volumenstrom-in-stacks\/\",\"url\":\"https:\/\/tracertech.de\/leistungen\/projekte\/volumenstrom-in-stacks\/\",\"name\":\"Volumenstrom-in-Stacks - TracerTech\",\"isPartOf\":{\"@id\":\"https:\/\/tracertech.de\/#website\"},\"primaryImageOfPage\":{\"@id\":\"https:\/\/tracertech.de\/leistungen\/projekte\/volumenstrom-in-stacks\/#primaryimage\"},\"image\":{\"@id\":\"https:\/\/tracertech.de\/leistungen\/projekte\/volumenstrom-in-stacks\/#primaryimage\"},\"thumbnailUrl\":\"https:\/\/tracertech.de\/wp-content\/uploads\/2020\/01\/Stack.jpg\",\"datePublished\":\"2020-01-15T14:10:45+00:00\",\"dateModified\":\"2022-03-05T12:48:47+00:00\",\"breadcrumb\":{\"@id\":\"https:\/\/tracertech.de\/leistungen\/projekte\/volumenstrom-in-stacks\/#breadcrumb\"},\"inLanguage\":\"en-US\",\"potentialAction\":[{\"@type\":\"ReadAction\",\"target\":[\"https:\/\/tracertech.de\/leistungen\/projekte\/volumenstrom-in-stacks\/\"]}]},{\"@type\":\"ImageObject\",\"inLanguage\":\"en-US\",\"@id\":\"https:\/\/tracertech.de\/leistungen\/projekte\/volumenstrom-in-stacks\/#primaryimage\",\"url\":\"https:\/\/tracertech.de\/wp-content\/uploads\/2020\/01\/Stack.jpg\",\"contentUrl\":\"https:\/\/tracertech.de\/wp-content\/uploads\/2020\/01\/Stack.jpg\"},{\"@type\":\"BreadcrumbList\",\"@id\":\"https:\/\/tracertech.de\/leistungen\/projekte\/volumenstrom-in-stacks\/#breadcrumb\",\"itemListElement\":[{\"@type\":\"ListItem\",\"position\":1,\"name\":\"Startseite\",\"item\":\"https:\/\/tracertech.de\/\"},{\"@type\":\"ListItem\",\"position\":2,\"name\":\"Leistungen\",\"item\":\"https:\/\/tracertech.de\/leistungen\/\"},{\"@type\":\"ListItem\",\"position\":3,\"name\":\"Projekte\",\"item\":\"https:\/\/tracertech.de\/leistungen\/projekte\/\"},{\"@type\":\"ListItem\",\"position\":4,\"name\":\"Volumenstrom-in-Stacks\"}]},{\"@type\":\"WebSite\",\"@id\":\"https:\/\/tracertech.de\/#website\",\"url\":\"https:\/\/tracertech.de\/\",\"name\":\"TracerTech\",\"description\":\"\",\"publisher\":{\"@id\":\"https:\/\/tracertech.de\/#organization\"},\"potentialAction\":[{\"@type\":\"SearchAction\",\"target\":{\"@type\":\"EntryPoint\",\"urlTemplate\":\"https:\/\/tracertech.de\/?s={search_term_string}\"},\"query-input\":{\"@type\":\"PropertyValueSpecification\",\"valueRequired\":true,\"valueName\":\"search_term_string\"}}],\"inLanguage\":\"en-US\"},{\"@type\":\"Organization\",\"@id\":\"https:\/\/tracertech.de\/#organization\",\"name\":\"TracerTech\",\"url\":\"https:\/\/tracertech.de\/\",\"logo\":{\"@type\":\"ImageObject\",\"inLanguage\":\"en-US\",\"@id\":\"https:\/\/tracertech.de\/#\/schema\/logo\/image\/\",\"url\":\"https:\/\/tracertech.de\/wp-content\/uploads\/2020\/04\/cropped-rsz_tt-logo_neu.png\",\"contentUrl\":\"https:\/\/tracertech.de\/wp-content\/uploads\/2020\/04\/cropped-rsz_tt-logo_neu.png\",\"width\":250,\"height\":61,\"caption\":\"TracerTech\"},\"image\":{\"@id\":\"https:\/\/tracertech.de\/#\/schema\/logo\/image\/\"}}]}<\/script>\n<!-- \/ Yoast SEO plugin. -->","yoast_head_json":{"title":"Volumenstrom-in-Stacks - TracerTech","robots":{"index":"index","follow":"follow","max-snippet":"max-snippet:-1","max-image-preview":"max-image-preview:large","max-video-preview":"max-video-preview:-1"},"canonical":"https:\/\/tracertech.de\/en\/leistungen\/projekte\/volumenstrom-in-stacks\/","og_locale":"en_US","og_type":"article","og_title":"Volumenstrom-in-Stacks - TracerTech","og_description":"Volumenstrommessungen in Stacks Die pr\u00e4zise Volumenstrombestimmung in Abgasschornsteinen ist elementar f\u00fcr eine genaue Messung der Abgasemissionen. Die \u00fcblichen Verfahren mittels Staurohr-Traverse, Abfahren des Kaminquerschnitts mit einem Staurohr und Mittelung, Hitzdraht- oder Fl\u00fcgelradanemometer sind alle in ihrer Genauigkeit limitiert, wenn nicht-ideale Str\u00f6mungsbedingungen vorliegen. Dazu geh\u00f6ren asymmetrische Geschwindigkeitsverteilungen, Querstr\u00f6mungen durch Wirbel, Turbulenzen, sehr geringe Str\u00f6mungen oder entgegengesetzte [&hellip;]","og_url":"https:\/\/tracertech.de\/en\/leistungen\/projekte\/volumenstrom-in-stacks\/","og_site_name":"TracerTech","article_modified_time":"2022-03-05T12:48:47+00:00","og_image":[{"url":"https:\/\/tracertech.de\/wp-content\/uploads\/2020\/01\/Stack.jpg","type":"","width":"","height":""}],"twitter_card":"summary_large_image","twitter_misc":{"Est. reading time":"2 minutes"},"schema":{"@context":"https:\/\/schema.org","@graph":[{"@type":"WebPage","@id":"https:\/\/tracertech.de\/leistungen\/projekte\/volumenstrom-in-stacks\/","url":"https:\/\/tracertech.de\/leistungen\/projekte\/volumenstrom-in-stacks\/","name":"Volumenstrom-in-Stacks - TracerTech","isPartOf":{"@id":"https:\/\/tracertech.de\/#website"},"primaryImageOfPage":{"@id":"https:\/\/tracertech.de\/leistungen\/projekte\/volumenstrom-in-stacks\/#primaryimage"},"image":{"@id":"https:\/\/tracertech.de\/leistungen\/projekte\/volumenstrom-in-stacks\/#primaryimage"},"thumbnailUrl":"https:\/\/tracertech.de\/wp-content\/uploads\/2020\/01\/Stack.jpg","datePublished":"2020-01-15T14:10:45+00:00","dateModified":"2022-03-05T12:48:47+00:00","breadcrumb":{"@id":"https:\/\/tracertech.de\/leistungen\/projekte\/volumenstrom-in-stacks\/#breadcrumb"},"inLanguage":"en-US","potentialAction":[{"@type":"ReadAction","target":["https:\/\/tracertech.de\/leistungen\/projekte\/volumenstrom-in-stacks\/"]}]},{"@type":"ImageObject","inLanguage":"en-US","@id":"https:\/\/tracertech.de\/leistungen\/projekte\/volumenstrom-in-stacks\/#primaryimage","url":"https:\/\/tracertech.de\/wp-content\/uploads\/2020\/01\/Stack.jpg","contentUrl":"https:\/\/tracertech.de\/wp-content\/uploads\/2020\/01\/Stack.jpg"},{"@type":"BreadcrumbList","@id":"https:\/\/tracertech.de\/leistungen\/projekte\/volumenstrom-in-stacks\/#breadcrumb","itemListElement":[{"@type":"ListItem","position":1,"name":"Startseite","item":"https:\/\/tracertech.de\/"},{"@type":"ListItem","position":2,"name":"Leistungen","item":"https:\/\/tracertech.de\/leistungen\/"},{"@type":"ListItem","position":3,"name":"Projekte","item":"https:\/\/tracertech.de\/leistungen\/projekte\/"},{"@type":"ListItem","position":4,"name":"Volumenstrom-in-Stacks"}]},{"@type":"WebSite","@id":"https:\/\/tracertech.de\/#website","url":"https:\/\/tracertech.de\/","name":"TracerTech","description":"","publisher":{"@id":"https:\/\/tracertech.de\/#organization"},"potentialAction":[{"@type":"SearchAction","target":{"@type":"EntryPoint","urlTemplate":"https:\/\/tracertech.de\/?s={search_term_string}"},"query-input":{"@type":"PropertyValueSpecification","valueRequired":true,"valueName":"search_term_string"}}],"inLanguage":"en-US"},{"@type":"Organization","@id":"https:\/\/tracertech.de\/#organization","name":"TracerTech","url":"https:\/\/tracertech.de\/","logo":{"@type":"ImageObject","inLanguage":"en-US","@id":"https:\/\/tracertech.de\/#\/schema\/logo\/image\/","url":"https:\/\/tracertech.de\/wp-content\/uploads\/2020\/04\/cropped-rsz_tt-logo_neu.png","contentUrl":"https:\/\/tracertech.de\/wp-content\/uploads\/2020\/04\/cropped-rsz_tt-logo_neu.png","width":250,"height":61,"caption":"TracerTech"},"image":{"@id":"https:\/\/tracertech.de\/#\/schema\/logo\/image\/"}}]}},"_links":{"self":[{"href":"https:\/\/tracertech.de\/en\/wp-json\/wp\/v2\/pages\/920","targetHints":{"allow":["GET"]}}],"collection":[{"href":"https:\/\/tracertech.de\/en\/wp-json\/wp\/v2\/pages"}],"about":[{"href":"https:\/\/tracertech.de\/en\/wp-json\/wp\/v2\/types\/page"}],"author":[{"embeddable":true,"href":"https:\/\/tracertech.de\/en\/wp-json\/wp\/v2\/users\/1"}],"replies":[{"embeddable":true,"href":"https:\/\/tracertech.de\/en\/wp-json\/wp\/v2\/comments?post=920"}],"version-history":[{"count":19,"href":"https:\/\/tracertech.de\/en\/wp-json\/wp\/v2\/pages\/920\/revisions"}],"predecessor-version":[{"id":3046,"href":"https:\/\/tracertech.de\/en\/wp-json\/wp\/v2\/pages\/920\/revisions\/3046"}],"up":[{"embeddable":true,"href":"https:\/\/tracertech.de\/en\/wp-json\/wp\/v2\/pages\/2114"}],"wp:attachment":[{"href":"https:\/\/tracertech.de\/en\/wp-json\/wp\/v2\/media?parent=920"}],"curies":[{"name":"wp","href":"https:\/\/api.w.org\/{rel}","templated":true}]}}