{"id":769,"date":"2020-01-14T16:10:54","date_gmt":"2020-01-14T16:10:54","guid":{"rendered":"http:\/\/tracertech.de\/?page_id=769"},"modified":"2022-03-05T12:46:43","modified_gmt":"2022-03-05T12:46:43","slug":"giftgasanschlage","status":"publish","type":"page","link":"https:\/\/tracertech.de\/en\/leistungen\/projekte\/giftgasanschlage\/","title":{"rendered":"Chemical Attacks"},"content":{"rendered":"<div data-elementor-type=\"wp-page\" data-elementor-id=\"769\" class=\"elementor elementor-769\" data-elementor-post-type=\"page\">\n\t\t\t\t\t\t<section class=\"ob-is-breaking-bad elementor-section elementor-top-section elementor-element elementor-element-4e90395 elementor-section-height-min-height elementor-section-boxed elementor-section-height-default elementor-section-items-middle\" data-id=\"4e90395\" data-element_type=\"section\" data-e-type=\"section\" data-settings=\"{&quot;background_background&quot;:&quot;classic&quot;,&quot;_ob_bbad_use_it&quot;:&quot;yes&quot;,&quot;_ob_bbad_sssic_use&quot;:&quot;no&quot;,&quot;_ob_glider_is_slider&quot;:&quot;no&quot;}\">\n\t\t\t\t\t\t\t<div class=\"elementor-background-overlay\"><\/div>\n\t\t\t\t\t\t\t<div class=\"elementor-container elementor-column-gap-default\">\n\t\t\t\t\t<div class=\"elementor-column elementor-col-100 elementor-top-column elementor-element elementor-element-752e9a6\" data-id=\"752e9a6\" data-element_type=\"column\" data-e-type=\"column\" data-settings=\"{&quot;_ob_bbad_is_stalker&quot;:&quot;no&quot;,&quot;_ob_teleporter_use&quot;:false,&quot;_ob_column_hoveranimator&quot;:&quot;no&quot;,&quot;_ob_column_has_pseudo&quot;:&quot;no&quot;}\">\n\t\t\t<div class=\"elementor-widget-wrap elementor-element-populated\">\n\t\t\t\t\t\t<div class=\"elementor-element elementor-element-cc55e70 ob-harakiri-inherit ob-has-background-overlay elementor-widget elementor-widget-text-editor\" data-id=\"cc55e70\" data-element_type=\"widget\" data-e-type=\"widget\" data-settings=\"{&quot;_ob_use_harakiri&quot;:&quot;yes&quot;,&quot;_ob_harakiri_writing_mode&quot;:&quot;inherit&quot;,&quot;_ob_postman_use&quot;:&quot;no&quot;,&quot;_ob_perspektive_use&quot;:&quot;no&quot;,&quot;_ob_poopart_use&quot;:&quot;yes&quot;,&quot;_ob_shadough_use&quot;:&quot;no&quot;,&quot;_ob_allow_hoveranimator&quot;:&quot;no&quot;,&quot;_ob_widget_stalker_use&quot;:&quot;no&quot;}\" data-widget_type=\"text-editor.default\">\n\t\t\t\t<div class=\"elementor-widget-container\">\n\t\t\t\t\t\t\t\t\t<p><strong>Chemical Attacks<br \/><\/strong>Effects of Chemical Attacks on Buildings and Subways<strong><br \/><\/strong><\/p>\t\t\t\t\t\t\t\t<\/div>\n\t\t\t\t<\/div>\n\t\t\t\t\t<\/div>\n\t\t<\/div>\n\t\t\t\t\t<\/div>\n\t\t<\/section>\n\t\t\t\t<section class=\"ob-is-breaking-bad elementor-section elementor-top-section elementor-element elementor-element-5b1241f elementor-section-boxed elementor-section-height-default elementor-section-height-default\" data-id=\"5b1241f\" data-element_type=\"section\" data-e-type=\"section\" data-settings=\"{&quot;_ob_bbad_use_it&quot;:&quot;yes&quot;,&quot;_ob_bbad_sssic_use&quot;:&quot;no&quot;,&quot;_ob_glider_is_slider&quot;:&quot;no&quot;}\">\n\t\t\t\t\t\t<div class=\"elementor-container elementor-column-gap-default\">\n\t\t\t\t\t<div class=\"elementor-column elementor-col-50 elementor-top-column elementor-element elementor-element-a0a00de\" data-id=\"a0a00de\" data-element_type=\"column\" data-e-type=\"column\" data-settings=\"{&quot;_ob_bbad_is_stalker&quot;:&quot;no&quot;,&quot;_ob_teleporter_use&quot;:false,&quot;_ob_column_hoveranimator&quot;:&quot;no&quot;,&quot;_ob_column_has_pseudo&quot;:&quot;no&quot;}\">\n\t\t\t<div class=\"elementor-widget-wrap elementor-element-populated\">\n\t\t\t\t\t\t<div class=\"elementor-element elementor-element-4664e55 ob-harakiri-inherit ob-has-background-overlay elementor-widget elementor-widget-text-editor\" data-id=\"4664e55\" data-element_type=\"widget\" data-e-type=\"widget\" data-settings=\"{&quot;_ob_use_harakiri&quot;:&quot;yes&quot;,&quot;_ob_harakiri_writing_mode&quot;:&quot;inherit&quot;,&quot;_ob_postman_use&quot;:&quot;no&quot;,&quot;_ob_perspektive_use&quot;:&quot;no&quot;,&quot;_ob_poopart_use&quot;:&quot;yes&quot;,&quot;_ob_shadough_use&quot;:&quot;no&quot;,&quot;_ob_allow_hoveranimator&quot;:&quot;no&quot;,&quot;_ob_widget_stalker_use&quot;:&quot;no&quot;}\" data-widget_type=\"text-editor.default\">\n\t\t\t\t<div class=\"elementor-widget-container\">\n\t\t\t\t\t\t\t\t\t<p>The impact of a release of a chemical or biological agent can be simulated and analysed in detail using a tracer. Therefore measures can be designed and taken to counteract inadvertent effects.<\/p><p>For additional information please contact us personally.<\/p>\t\t\t\t\t\t\t\t<\/div>\n\t\t\t\t<\/div>\n\t\t\t\t\t<\/div>\n\t\t<\/div>\n\t\t\t\t<div class=\"elementor-column elementor-col-50 elementor-top-column elementor-element elementor-element-c2b4086\" data-id=\"c2b4086\" data-element_type=\"column\" data-e-type=\"column\" data-settings=\"{&quot;_ob_bbad_is_stalker&quot;:&quot;no&quot;,&quot;_ob_teleporter_use&quot;:false,&quot;_ob_column_hoveranimator&quot;:&quot;no&quot;,&quot;_ob_column_has_pseudo&quot;:&quot;no&quot;}\">\n\t\t\t<div class=\"elementor-widget-wrap elementor-element-populated\">\n\t\t\t\t\t\t<div class=\"elementor-element elementor-element-a7fd140 ob-has-background-overlay elementor-widget elementor-widget-image\" data-id=\"a7fd140\" data-element_type=\"widget\" data-e-type=\"widget\" data-settings=\"{&quot;_ob_photomorph_use&quot;:&quot;no&quot;,&quot;_ob_perspektive_use&quot;:&quot;no&quot;,&quot;_ob_poopart_use&quot;:&quot;yes&quot;,&quot;_ob_shadough_use&quot;:&quot;no&quot;,&quot;_ob_allow_hoveranimator&quot;:&quot;no&quot;,&quot;_ob_widget_stalker_use&quot;:&quot;no&quot;}\" data-widget_type=\"image.default\">\n\t\t\t\t<div class=\"elementor-widget-container\">\n\t\t\t\t\t\t\t\t\t\t\t\t\t\t\t<img fetchpriority=\"high\" decoding=\"async\" width=\"1024\" height=\"956\" src=\"https:\/\/tracertech.de\/wp-content\/uploads\/2020\/01\/Giftgas-1024x956.png\" class=\"attachment-large size-large wp-image-1000\" alt=\"\" srcset=\"https:\/\/tracertech.de\/wp-content\/uploads\/2020\/01\/Giftgas-1024x956.png 1024w, https:\/\/tracertech.de\/wp-content\/uploads\/2020\/01\/Giftgas-300x280.png 300w, https:\/\/tracertech.de\/wp-content\/uploads\/2020\/01\/Giftgas-768x717.png 768w, https:\/\/tracertech.de\/wp-content\/uploads\/2020\/01\/Giftgas-1536x1434.png 1536w, https:\/\/tracertech.de\/wp-content\/uploads\/2020\/01\/Giftgas.png 1772w\" sizes=\"(max-width: 1024px) 100vw, 1024px\" \/>\t\t\t\t\t\t\t\t\t\t\t\t\t\t\t<\/div>\n\t\t\t\t<\/div>\n\t\t\t\t\t<\/div>\n\t\t<\/div>\n\t\t\t\t\t<\/div>\n\t\t<\/section>\n\t\t\t\t<\/div>","protected":false},"excerpt":{"rendered":"<p>Giftgasanschl\u00e4ge Auswirkungen in Geb\u00e4uden und U-Bahnsystemen Die Auswirkungen der Freisetzung chemischer oder biologischer Kampfstoffe l\u00e4sst sich im Detail \u00fcber Tracergastests simulieren und analysieren. Es k\u00f6nnen Abhilfema\u00dfnahmen entwickelt und diese wiederum mittels Tracergastest validiert werden. F\u00fcr weiteren Informationsbedarf sprechen Sie uns bitte pers\u00f6nlich an.<\/p>","protected":false},"author":1,"featured_media":0,"parent":2114,"menu_order":6,"comment_status":"closed","ping_status":"closed","template":"","meta":{"ocean_post_layout":"full-screen","ocean_both_sidebars_style":"","ocean_both_sidebars_content_width":0,"ocean_both_sidebars_sidebars_width":0,"ocean_sidebar":"0","ocean_second_sidebar":"0","ocean_disable_margins":"enable","ocean_add_body_class":"","ocean_shortcode_before_top_bar":"","ocean_shortcode_after_top_bar":"","ocean_shortcode_before_header":"","ocean_shortcode_after_header":"","ocean_has_shortcode":"","ocean_shortcode_after_title":"","ocean_shortcode_before_footer_widgets":"","ocean_shortcode_after_footer_widgets":"","ocean_shortcode_before_footer_bottom":"","ocean_shortcode_after_footer_bottom":"","ocean_display_top_bar":"default","ocean_display_header":"default","ocean_header_style":"","ocean_center_header_left_menu":"0","ocean_custom_header_template":"0","ocean_custom_logo":0,"ocean_custom_retina_logo":0,"ocean_custom_logo_max_width":0,"ocean_custom_logo_tablet_max_width":0,"ocean_custom_logo_mobile_max_width":0,"ocean_custom_logo_max_height":0,"ocean_custom_logo_tablet_max_height":0,"ocean_custom_logo_mobile_max_height":0,"ocean_header_custom_menu":"0","ocean_menu_typo_font_family":"0","ocean_menu_typo_font_subset":"","ocean_menu_typo_font_size":0,"ocean_menu_typo_font_size_tablet":0,"ocean_menu_typo_font_size_mobile":0,"ocean_menu_typo_font_size_unit":"px","ocean_menu_typo_font_weight":"","ocean_menu_typo_font_weight_tablet":"","ocean_menu_typo_font_weight_mobile":"","ocean_menu_typo_transform":"","ocean_menu_typo_transform_tablet":"","ocean_menu_typo_transform_mobile":"","ocean_menu_typo_line_height":0,"ocean_menu_typo_line_height_tablet":0,"ocean_menu_typo_line_height_mobile":0,"ocean_menu_typo_line_height_unit":"","ocean_menu_typo_spacing":0,"ocean_menu_typo_spacing_tablet":0,"ocean_menu_typo_spacing_mobile":0,"ocean_menu_typo_spacing_unit":"","ocean_menu_link_color":"","ocean_menu_link_color_hover":"","ocean_menu_link_color_active":"","ocean_menu_link_background":"","ocean_menu_link_hover_background":"","ocean_menu_link_active_background":"","ocean_menu_social_links_bg":"","ocean_menu_social_hover_links_bg":"","ocean_menu_social_links_color":"","ocean_menu_social_hover_links_color":"","ocean_disable_title":"on","ocean_disable_heading":"default","ocean_post_title":"","ocean_post_subheading":"","ocean_post_title_style":"","ocean_post_title_background_color":"","ocean_post_title_background":0,"ocean_post_title_bg_image_position":"","ocean_post_title_bg_image_attachment":"","ocean_post_title_bg_image_repeat":"","ocean_post_title_bg_image_size":"","ocean_post_title_height":0,"ocean_post_title_bg_overlay":0.5,"ocean_post_title_bg_overlay_color":"","ocean_disable_breadcrumbs":"default","ocean_breadcrumbs_color":"","ocean_breadcrumbs_separator_color":"","ocean_breadcrumbs_links_color":"","ocean_breadcrumbs_links_hover_color":"","ocean_display_footer_widgets":"default","ocean_display_footer_bottom":"default","ocean_custom_footer_template":"0","footnotes":""},"class_list":["post-769","page","type-page","status-publish","hentry","entry"],"yoast_head":"<!-- This site is optimized with the Yoast SEO plugin v27.2 - https:\/\/yoast.com\/product\/yoast-seo-wordpress\/ -->\n<title>Giftgasanschl\u00e4ge - TracerTech<\/title>\n<meta name=\"robots\" content=\"index, follow, max-snippet:-1, max-image-preview:large, max-video-preview:-1\" \/>\n<link rel=\"canonical\" href=\"https:\/\/tracertech.de\/en\/leistungen\/projekte\/giftgasanschlage\/\" \/>\n<meta property=\"og:locale\" content=\"en_US\" \/>\n<meta property=\"og:type\" content=\"article\" \/>\n<meta property=\"og:title\" content=\"Giftgasanschl\u00e4ge - TracerTech\" \/>\n<meta property=\"og:description\" content=\"Giftgasanschl\u00e4ge Auswirkungen in Geb\u00e4uden und U-Bahnsystemen Die Auswirkungen der Freisetzung chemischer oder biologischer Kampfstoffe l\u00e4sst sich im Detail \u00fcber Tracergastests simulieren und analysieren. Es k\u00f6nnen Abhilfema\u00dfnahmen entwickelt und diese wiederum mittels Tracergastest validiert werden. F\u00fcr weiteren Informationsbedarf sprechen Sie uns bitte pers\u00f6nlich an.\" \/>\n<meta property=\"og:url\" content=\"https:\/\/tracertech.de\/en\/leistungen\/projekte\/giftgasanschlage\/\" \/>\n<meta property=\"og:site_name\" content=\"TracerTech\" \/>\n<meta property=\"article:modified_time\" content=\"2022-03-05T12:46:43+00:00\" \/>\n<meta property=\"og:image\" content=\"https:\/\/tracertech.de\/wp-content\/uploads\/2020\/01\/Giftgas-1024x956.png\" \/>\n<meta name=\"twitter:card\" content=\"summary_large_image\" \/>\n<meta name=\"twitter:label1\" content=\"Est. reading time\" \/>\n\t<meta name=\"twitter:data1\" content=\"1 minute\" \/>\n<script type=\"application\/ld+json\" class=\"yoast-schema-graph\">{\"@context\":\"https:\/\/schema.org\",\"@graph\":[{\"@type\":\"WebPage\",\"@id\":\"https:\/\/tracertech.de\/leistungen\/projekte\/giftgasanschlage\/\",\"url\":\"https:\/\/tracertech.de\/leistungen\/projekte\/giftgasanschlage\/\",\"name\":\"Giftgasanschl\u00e4ge - TracerTech\",\"isPartOf\":{\"@id\":\"https:\/\/tracertech.de\/#website\"},\"primaryImageOfPage\":{\"@id\":\"https:\/\/tracertech.de\/leistungen\/projekte\/giftgasanschlage\/#primaryimage\"},\"image\":{\"@id\":\"https:\/\/tracertech.de\/leistungen\/projekte\/giftgasanschlage\/#primaryimage\"},\"thumbnailUrl\":\"https:\/\/tracertech.de\/wp-content\/uploads\/2020\/01\/Giftgas-1024x956.png\",\"datePublished\":\"2020-01-14T16:10:54+00:00\",\"dateModified\":\"2022-03-05T12:46:43+00:00\",\"breadcrumb\":{\"@id\":\"https:\/\/tracertech.de\/leistungen\/projekte\/giftgasanschlage\/#breadcrumb\"},\"inLanguage\":\"en-US\",\"potentialAction\":[{\"@type\":\"ReadAction\",\"target\":[\"https:\/\/tracertech.de\/leistungen\/projekte\/giftgasanschlage\/\"]}]},{\"@type\":\"ImageObject\",\"inLanguage\":\"en-US\",\"@id\":\"https:\/\/tracertech.de\/leistungen\/projekte\/giftgasanschlage\/#primaryimage\",\"url\":\"https:\/\/tracertech.de\/wp-content\/uploads\/2020\/01\/Giftgas-1024x956.png\",\"contentUrl\":\"https:\/\/tracertech.de\/wp-content\/uploads\/2020\/01\/Giftgas-1024x956.png\"},{\"@type\":\"BreadcrumbList\",\"@id\":\"https:\/\/tracertech.de\/leistungen\/projekte\/giftgasanschlage\/#breadcrumb\",\"itemListElement\":[{\"@type\":\"ListItem\",\"position\":1,\"name\":\"Startseite\",\"item\":\"https:\/\/tracertech.de\/\"},{\"@type\":\"ListItem\",\"position\":2,\"name\":\"Leistungen\",\"item\":\"https:\/\/tracertech.de\/leistungen\/\"},{\"@type\":\"ListItem\",\"position\":3,\"name\":\"Projekte\",\"item\":\"https:\/\/tracertech.de\/leistungen\/projekte\/\"},{\"@type\":\"ListItem\",\"position\":4,\"name\":\"Giftgasanschl\u00e4ge\"}]},{\"@type\":\"WebSite\",\"@id\":\"https:\/\/tracertech.de\/#website\",\"url\":\"https:\/\/tracertech.de\/\",\"name\":\"TracerTech\",\"description\":\"\",\"publisher\":{\"@id\":\"https:\/\/tracertech.de\/#organization\"},\"potentialAction\":[{\"@type\":\"SearchAction\",\"target\":{\"@type\":\"EntryPoint\",\"urlTemplate\":\"https:\/\/tracertech.de\/?s={search_term_string}\"},\"query-input\":{\"@type\":\"PropertyValueSpecification\",\"valueRequired\":true,\"valueName\":\"search_term_string\"}}],\"inLanguage\":\"en-US\"},{\"@type\":\"Organization\",\"@id\":\"https:\/\/tracertech.de\/#organization\",\"name\":\"TracerTech\",\"url\":\"https:\/\/tracertech.de\/\",\"logo\":{\"@type\":\"ImageObject\",\"inLanguage\":\"en-US\",\"@id\":\"https:\/\/tracertech.de\/#\/schema\/logo\/image\/\",\"url\":\"https:\/\/tracertech.de\/wp-content\/uploads\/2020\/04\/cropped-rsz_tt-logo_neu.png\",\"contentUrl\":\"https:\/\/tracertech.de\/wp-content\/uploads\/2020\/04\/cropped-rsz_tt-logo_neu.png\",\"width\":250,\"height\":61,\"caption\":\"TracerTech\"},\"image\":{\"@id\":\"https:\/\/tracertech.de\/#\/schema\/logo\/image\/\"}}]}<\/script>\n<!-- \/ Yoast SEO plugin. -->","yoast_head_json":{"title":"Giftgasanschl\u00e4ge - TracerTech","robots":{"index":"index","follow":"follow","max-snippet":"max-snippet:-1","max-image-preview":"max-image-preview:large","max-video-preview":"max-video-preview:-1"},"canonical":"https:\/\/tracertech.de\/en\/leistungen\/projekte\/giftgasanschlage\/","og_locale":"en_US","og_type":"article","og_title":"Giftgasanschl\u00e4ge - TracerTech","og_description":"Giftgasanschl\u00e4ge Auswirkungen in Geb\u00e4uden und U-Bahnsystemen Die Auswirkungen der Freisetzung chemischer oder biologischer Kampfstoffe l\u00e4sst sich im Detail \u00fcber Tracergastests simulieren und analysieren. Es k\u00f6nnen Abhilfema\u00dfnahmen entwickelt und diese wiederum mittels Tracergastest validiert werden. F\u00fcr weiteren Informationsbedarf sprechen Sie uns bitte pers\u00f6nlich an.","og_url":"https:\/\/tracertech.de\/en\/leistungen\/projekte\/giftgasanschlage\/","og_site_name":"TracerTech","article_modified_time":"2022-03-05T12:46:43+00:00","og_image":[{"url":"https:\/\/tracertech.de\/wp-content\/uploads\/2020\/01\/Giftgas-1024x956.png","type":"","width":"","height":""}],"twitter_card":"summary_large_image","twitter_misc":{"Est. reading time":"1 minute"},"schema":{"@context":"https:\/\/schema.org","@graph":[{"@type":"WebPage","@id":"https:\/\/tracertech.de\/leistungen\/projekte\/giftgasanschlage\/","url":"https:\/\/tracertech.de\/leistungen\/projekte\/giftgasanschlage\/","name":"Giftgasanschl\u00e4ge - TracerTech","isPartOf":{"@id":"https:\/\/tracertech.de\/#website"},"primaryImageOfPage":{"@id":"https:\/\/tracertech.de\/leistungen\/projekte\/giftgasanschlage\/#primaryimage"},"image":{"@id":"https:\/\/tracertech.de\/leistungen\/projekte\/giftgasanschlage\/#primaryimage"},"thumbnailUrl":"https:\/\/tracertech.de\/wp-content\/uploads\/2020\/01\/Giftgas-1024x956.png","datePublished":"2020-01-14T16:10:54+00:00","dateModified":"2022-03-05T12:46:43+00:00","breadcrumb":{"@id":"https:\/\/tracertech.de\/leistungen\/projekte\/giftgasanschlage\/#breadcrumb"},"inLanguage":"en-US","potentialAction":[{"@type":"ReadAction","target":["https:\/\/tracertech.de\/leistungen\/projekte\/giftgasanschlage\/"]}]},{"@type":"ImageObject","inLanguage":"en-US","@id":"https:\/\/tracertech.de\/leistungen\/projekte\/giftgasanschlage\/#primaryimage","url":"https:\/\/tracertech.de\/wp-content\/uploads\/2020\/01\/Giftgas-1024x956.png","contentUrl":"https:\/\/tracertech.de\/wp-content\/uploads\/2020\/01\/Giftgas-1024x956.png"},{"@type":"BreadcrumbList","@id":"https:\/\/tracertech.de\/leistungen\/projekte\/giftgasanschlage\/#breadcrumb","itemListElement":[{"@type":"ListItem","position":1,"name":"Startseite","item":"https:\/\/tracertech.de\/"},{"@type":"ListItem","position":2,"name":"Leistungen","item":"https:\/\/tracertech.de\/leistungen\/"},{"@type":"ListItem","position":3,"name":"Projekte","item":"https:\/\/tracertech.de\/leistungen\/projekte\/"},{"@type":"ListItem","position":4,"name":"Giftgasanschl\u00e4ge"}]},{"@type":"WebSite","@id":"https:\/\/tracertech.de\/#website","url":"https:\/\/tracertech.de\/","name":"TracerTech","description":"","publisher":{"@id":"https:\/\/tracertech.de\/#organization"},"potentialAction":[{"@type":"SearchAction","target":{"@type":"EntryPoint","urlTemplate":"https:\/\/tracertech.de\/?s={search_term_string}"},"query-input":{"@type":"PropertyValueSpecification","valueRequired":true,"valueName":"search_term_string"}}],"inLanguage":"en-US"},{"@type":"Organization","@id":"https:\/\/tracertech.de\/#organization","name":"TracerTech","url":"https:\/\/tracertech.de\/","logo":{"@type":"ImageObject","inLanguage":"en-US","@id":"https:\/\/tracertech.de\/#\/schema\/logo\/image\/","url":"https:\/\/tracertech.de\/wp-content\/uploads\/2020\/04\/cropped-rsz_tt-logo_neu.png","contentUrl":"https:\/\/tracertech.de\/wp-content\/uploads\/2020\/04\/cropped-rsz_tt-logo_neu.png","width":250,"height":61,"caption":"TracerTech"},"image":{"@id":"https:\/\/tracertech.de\/#\/schema\/logo\/image\/"}}]}},"_links":{"self":[{"href":"https:\/\/tracertech.de\/en\/wp-json\/wp\/v2\/pages\/769","targetHints":{"allow":["GET"]}}],"collection":[{"href":"https:\/\/tracertech.de\/en\/wp-json\/wp\/v2\/pages"}],"about":[{"href":"https:\/\/tracertech.de\/en\/wp-json\/wp\/v2\/types\/page"}],"author":[{"embeddable":true,"href":"https:\/\/tracertech.de\/en\/wp-json\/wp\/v2\/users\/1"}],"replies":[{"embeddable":true,"href":"https:\/\/tracertech.de\/en\/wp-json\/wp\/v2\/comments?post=769"}],"version-history":[{"count":18,"href":"https:\/\/tracertech.de\/en\/wp-json\/wp\/v2\/pages\/769\/revisions"}],"predecessor-version":[{"id":3043,"href":"https:\/\/tracertech.de\/en\/wp-json\/wp\/v2\/pages\/769\/revisions\/3043"}],"up":[{"embeddable":true,"href":"https:\/\/tracertech.de\/en\/wp-json\/wp\/v2\/pages\/2114"}],"wp:attachment":[{"href":"https:\/\/tracertech.de\/en\/wp-json\/wp\/v2\/media?parent=769"}],"curies":[{"name":"wp","href":"https:\/\/api.w.org\/{rel}","templated":true}]}}