{"id":1951,"date":"2022-01-01T13:21:24","date_gmt":"2022-01-01T13:21:24","guid":{"rendered":"https:\/\/tracertech.de\/?page_id=1951"},"modified":"2022-02-15T18:29:44","modified_gmt":"2022-02-15T18:29:44","slug":"autotrac","status":"publish","type":"page","link":"https:\/\/tracertech.de\/en\/leistungen\/autotrac\/","title":{"rendered":"Autotrac"},"content":{"rendered":"<div data-elementor-type=\"wp-page\" data-elementor-id=\"1951\" class=\"elementor elementor-1951\" data-elementor-post-type=\"page\">\n\t\t\t\t\t\t<section class=\"ob-is-breaking-bad elementor-section elementor-top-section elementor-element elementor-element-50f5a4d elementor-section-full_width elementor-section-height-default elementor-section-height-default\" data-id=\"50f5a4d\" data-element_type=\"section\" data-e-type=\"section\" data-settings=\"{&quot;_ob_bbad_use_it&quot;:&quot;yes&quot;,&quot;_ob_bbad_sssic_use&quot;:&quot;no&quot;,&quot;_ob_glider_is_slider&quot;:&quot;no&quot;}\">\n\t\t\t\t\t\t<div class=\"elementor-container elementor-column-gap-default\">\n\t\t\t\t\t<div class=\"elementor-column elementor-col-100 elementor-top-column elementor-element elementor-element-d5f8819\" data-id=\"d5f8819\" data-element_type=\"column\" data-e-type=\"column\" data-settings=\"{&quot;_ob_bbad_is_stalker&quot;:&quot;no&quot;,&quot;_ob_teleporter_use&quot;:false,&quot;_ob_column_hoveranimator&quot;:&quot;no&quot;,&quot;_ob_column_has_pseudo&quot;:&quot;no&quot;}\">\n\t\t\t<div class=\"elementor-widget-wrap elementor-element-populated\">\n\t\t\t\t\t\t<div class=\"elementor-element elementor-element-149931e elementor-cta--skin-cover elementor-cta--valign-bottom elementor-bg-transform elementor-bg-transform-zoom-in ob-has-background-overlay elementor-widget elementor-widget-call-to-action\" data-id=\"149931e\" data-element_type=\"widget\" data-e-type=\"widget\" data-settings=\"{&quot;_ob_perspektive_use&quot;:&quot;no&quot;,&quot;_ob_poopart_use&quot;:&quot;yes&quot;,&quot;_ob_widget_stalker_use&quot;:&quot;no&quot;}\" data-widget_type=\"call-to-action.default\">\n\t\t\t\t<div class=\"elementor-widget-container\">\n\t\t\t\t\t\t\t<div class=\"elementor-cta\">\n\t\t\t\t\t<div class=\"elementor-cta__bg-wrapper\">\n\t\t\t\t<div class=\"elementor-cta__bg elementor-bg\" style=\"background-image: url(https:\/\/tracertech.de\/wp-content\/uploads\/2019\/12\/AT_vorne_1_best-min-1024x576.jpg);\" role=\"img\" aria-label=\"Vorderansicht\"><\/div>\n\t\t\t\t<div class=\"elementor-cta__bg-overlay\"><\/div>\n\t\t\t<\/div>\n\t\t\t\t\t\t\t<div class=\"elementor-cta__content\">\n\t\t\t\t\n\t\t\t\t\t\t\t\t\t<h2 class=\"elementor-cta__title elementor-cta__content-item elementor-content-item\">\n\t\t\t\t\t\tAutotrac 101\t\t\t\t\t<\/h2>\n\t\t\t\t\n\t\t\t\t\t\t\t\t\t<div class=\"elementor-cta__description elementor-cta__content-item elementor-content-item\">\n\t\t\t\t\t\tDer Tracergasanalysator\t\t\t\t\t<\/div>\n\t\t\t\t\n\t\t\t\t\t\t\t<\/div>\n\t\t\t\t\t\t<\/div>\n\t\t\t\t\t\t<\/div>\n\t\t\t\t<\/div>\n\t\t\t\t\t<\/div>\n\t\t<\/div>\n\t\t\t\t\t<\/div>\n\t\t<\/section>\n\t\t\t\t<section class=\"ob-is-breaking-bad elementor-section elementor-top-section elementor-element elementor-element-af0fa11 elementor-section-boxed elementor-section-height-default elementor-section-height-default\" data-id=\"af0fa11\" data-element_type=\"section\" data-e-type=\"section\" data-settings=\"{&quot;_ob_bbad_use_it&quot;:&quot;yes&quot;,&quot;_ob_bbad_sssic_use&quot;:&quot;no&quot;,&quot;_ob_glider_is_slider&quot;:&quot;no&quot;}\">\n\t\t\t\t\t\t<div class=\"elementor-container elementor-column-gap-default\">\n\t\t\t\t\t<div class=\"elementor-column elementor-col-100 elementor-top-column elementor-element elementor-element-d51b196\" data-id=\"d51b196\" data-element_type=\"column\" data-e-type=\"column\" data-settings=\"{&quot;_ob_bbad_is_stalker&quot;:&quot;no&quot;,&quot;_ob_teleporter_use&quot;:false,&quot;_ob_column_hoveranimator&quot;:&quot;no&quot;,&quot;_ob_column_has_pseudo&quot;:&quot;no&quot;}\">\n\t\t\t<div class=\"elementor-widget-wrap elementor-element-populated\">\n\t\t\t\t\t\t<div class=\"elementor-element elementor-element-ad3ab41 ob-harakiri-inherit ob-has-background-overlay elementor-widget elementor-widget-text-editor\" data-id=\"ad3ab41\" data-element_type=\"widget\" data-e-type=\"widget\" data-settings=\"{&quot;_ob_use_harakiri&quot;:&quot;yes&quot;,&quot;_ob_harakiri_writing_mode&quot;:&quot;inherit&quot;,&quot;_ob_postman_use&quot;:&quot;no&quot;,&quot;_ob_perspektive_use&quot;:&quot;no&quot;,&quot;_ob_poopart_use&quot;:&quot;yes&quot;,&quot;_ob_shadough_use&quot;:&quot;no&quot;,&quot;_ob_allow_hoveranimator&quot;:&quot;no&quot;,&quot;_ob_widget_stalker_use&quot;:&quot;no&quot;}\" data-widget_type=\"text-editor.default\">\n\t\t\t\t<div class=\"elementor-widget-container\">\n\t\t\t\t\t\t\t\t\t<section class=\"ob-is-breaking-bad ob-bb-inner elementor-section elementor-inner-section elementor-element elementor-element-f3c7c64 elementor-section-boxed elementor-section-height-default elementor-section-height-default\" data-id=\"f3c7c64\" data-element_type=\"section\" data-settings=\"{\"><div class=\"elementor-container elementor-column-gap-wide\"><div class=\"elementor-row\"><div class=\"elementor-column elementor-col-100 elementor-inner-column elementor-element elementor-element-4b86c73\" data-id=\"4b86c73\" data-element_type=\"column\" data-settings=\"{\"><div class=\"elementor-column-wrap elementor-element-populated\"><div class=\"elementor-widget-wrap\"><div class=\"elementor-element elementor-element-b15f029 ob-harakiri-inherit elementor-widget elementor-widget-text-editor\" data-id=\"b15f029\" data-element_type=\"widget\" data-settings=\"{\" data-widget_type=\"text-editor.default\"><div class=\"elementor-widget-container\"><div class=\"elementor-text-editor elementor-clearfix\"><p><strong>Der AUTOTRAC 101 <\/strong>ist ein Gasanalysator, der speziell auf die genaue Analyse eines Tracergases hin entwickelt wurde. Es gibt ihn konfiguriert f\u00fcr die Analyse von Schwefelhexafluorid als Tracergas oder f\u00fcr die Analyse von bis zu 5 Perfluorocarbon Tracer.\u00a0SF<sub>6<\/sub> und PFT sind Gase, die k\u00fcnstlich hergestellt werden und nicht in der Natur vorkommen. Deshalb ist ihre Hintergrundkonzentration sehr niedrig (&lt;10ppt). Aufgrund ihrer chemischen Inertheit und Stabilit\u00e4t sind sie perfekte Tracergase. Die Spezialisierung bei der Analytik auf diese Tracergase mittels Gaschromatograph mit Electron Capture Detector erm\u00f6glicht eine Analyse bis in den Bereich der atmosph\u00e4rischen Hintergrundkonzentration.<\/p><p>A big advantage over other measurement methods, e.g. IR-analysis, is the possibility to inject tracer gas into rooms using simple 50cc plastic syringes, because only very small tracer amounts are needed due to the low detection range. The same plastic syringes can be used for sampling, because the analysis just requires 5ml. For many tests you do not need to handle with gas cylinders or tube routing across rooms and floors.\n\nSyringes have another advantage: one can do tracer gas tests without carrying AUTOTRAC to the test site. Samples can be taken in syringes and then carried to the lab where the syringes are analysed.<\/p><p>Ein AUTOTRAC ist leicht transportabel und auch im Feldversuch einsetzbar. F\u00fcr l\u00e4nger andauernde automatisierte Messungen verf\u00fcgt der AUTOTRAC standardm\u00e4\u00dfig \u00fcber zwei Probenahmekan\u00e4le, die frei programmierbar sind. Optional l\u00e4sst sich das auf 9 Kan\u00e4le erweitern. Die Software ist so entwickelt, dass die \u00fcblichen Praxismessungen wie Luftwechsel nach der Konzentrationsabklingmethode (Decay) oder nach der Konstantinjektionsmethode (constant injection oder Step-up), Volumenstrommessung oder Abzugshaubenvermessung automatisiert durchgef\u00fchrt werden k\u00f6nnen und AUTOTRAC die komplette Auswertung einschl. Abweichungsanalyse \u00fcbernimmt.<\/p><p>Data are recorded on an internal storage card or on the attached LapTop.<\/p><p>Mit der eingebauten Kalibriergasflasche kalibriert sich der AUTOTRAC in vorzugebenden Zeitabst\u00e4nden automatisch selbst.<\/p><p><strong>Calibration Gases<\/strong> can be ordered for SF<sub>6<\/sub> and four Perfluorocarbon types: PMCP, PMCH, m-PDMCH and PFMD.<sub>6<\/sub> und Perfluorocarbon Tracer PMCP, PMCH, m-PDMCH und PFMD geliefert werden. <br \/><br \/><\/p><\/div><\/div><\/div><\/div><\/div><\/div><\/div><\/div><\/section>\t\t\t\t\t\t\t\t<\/div>\n\t\t\t\t<\/div>\n\t\t\t\t\t<\/div>\n\t\t<\/div>\n\t\t\t\t\t<\/div>\n\t\t<\/section>\n\t\t\t\t<section class=\"ob-is-breaking-bad elementor-section elementor-top-section elementor-element elementor-element-f5b14cf elementor-section-boxed elementor-section-height-default elementor-section-height-default\" data-id=\"f5b14cf\" data-element_type=\"section\" data-e-type=\"section\" data-settings=\"{&quot;_ob_bbad_use_it&quot;:&quot;yes&quot;,&quot;_ob_bbad_sssic_use&quot;:&quot;no&quot;,&quot;_ob_glider_is_slider&quot;:&quot;no&quot;}\">\n\t\t\t\t\t\t<div class=\"elementor-container elementor-column-gap-default\">\n\t\t\t\t\t<div class=\"elementor-column elementor-col-50 elementor-top-column elementor-element elementor-element-0e06625\" data-id=\"0e06625\" data-element_type=\"column\" data-e-type=\"column\" data-settings=\"{&quot;_ob_bbad_is_stalker&quot;:&quot;no&quot;,&quot;_ob_teleporter_use&quot;:false,&quot;_ob_column_hoveranimator&quot;:&quot;no&quot;,&quot;_ob_column_has_pseudo&quot;:&quot;no&quot;}\">\n\t\t\t<div class=\"elementor-widget-wrap elementor-element-populated\">\n\t\t\t\t\t\t<div class=\"elementor-element elementor-element-b594496 ob-harakiri-inherit ob-has-background-overlay elementor-widget elementor-widget-text-editor\" data-id=\"b594496\" data-element_type=\"widget\" data-e-type=\"widget\" data-settings=\"{&quot;_ob_use_harakiri&quot;:&quot;yes&quot;,&quot;_ob_harakiri_writing_mode&quot;:&quot;inherit&quot;,&quot;_ob_postman_use&quot;:&quot;no&quot;,&quot;_ob_perspektive_use&quot;:&quot;no&quot;,&quot;_ob_poopart_use&quot;:&quot;yes&quot;,&quot;_ob_shadough_use&quot;:&quot;no&quot;,&quot;_ob_allow_hoveranimator&quot;:&quot;no&quot;,&quot;_ob_widget_stalker_use&quot;:&quot;no&quot;}\" data-widget_type=\"text-editor.default\">\n\t\t\t\t<div class=\"elementor-widget-container\">\n\t\t\t\t\t\t\t\t\t<p>Brosch\u00fcre\/Prospekt und\u00a0 Zubeh\u00f6r zum Autotrac 101 unter <\/p>\t\t\t\t\t\t\t\t<\/div>\n\t\t\t\t<\/div>\n\t\t\t\t\t<\/div>\n\t\t<\/div>\n\t\t\t\t<div class=\"elementor-column elementor-col-50 elementor-top-column elementor-element elementor-element-f909f20\" data-id=\"f909f20\" data-element_type=\"column\" data-e-type=\"column\" data-settings=\"{&quot;_ob_bbad_is_stalker&quot;:&quot;no&quot;,&quot;_ob_teleporter_use&quot;:false,&quot;_ob_column_hoveranimator&quot;:&quot;no&quot;,&quot;_ob_column_has_pseudo&quot;:&quot;no&quot;}\">\n\t\t\t<div class=\"elementor-widget-wrap elementor-element-populated\">\n\t\t\t\t\t\t<div class=\"elementor-element elementor-element-0e80644 elementor-align-center ob-has-background-overlay elementor-widget elementor-widget-button\" data-id=\"0e80644\" data-element_type=\"widget\" data-e-type=\"widget\" data-settings=\"{&quot;_ob_butterbutton_use_it&quot;:&quot;no&quot;,&quot;_ob_perspektive_use&quot;:&quot;no&quot;,&quot;_ob_poopart_use&quot;:&quot;yes&quot;,&quot;_ob_shadough_use&quot;:&quot;no&quot;,&quot;_ob_allow_hoveranimator&quot;:&quot;no&quot;,&quot;_ob_widget_stalker_use&quot;:&quot;no&quot;}\" data-widget_type=\"button.default\">\n\t\t\t\t<div class=\"elementor-widget-container\">\n\t\t\t\t\t\t\t\t\t<div class=\"elementor-button-wrapper\">\n\t\t\t\t\t<a class=\"elementor-button elementor-button-link elementor-size-sm\" href=\"https:\/\/tracertech.de\/en\/downloads\/\">\n\t\t\t\t\t\t<span class=\"elementor-button-content-wrapper\">\n\t\t\t\t\t\t<span class=\"elementor-button-icon\">\n\t\t\t\t<i aria-hidden=\"true\" class=\"fas fa-angle-right\"><\/i>\t\t\t<\/span>\n\t\t\t\t\t\t\t\t\t<span class=\"elementor-button-text\">Downloads<\/span>\n\t\t\t\t\t<\/span>\n\t\t\t\t\t<\/a>\n\t\t\t\t<\/div>\n\t\t\t\t\t\t\t\t<\/div>\n\t\t\t\t<\/div>\n\t\t\t\t\t<\/div>\n\t\t<\/div>\n\t\t\t\t\t<\/div>\n\t\t<\/section>\n\t\t\t\t<\/div>","protected":false},"excerpt":{"rendered":"<p>Autotrac 101 Der Tracergasanalysator Der AUTOTRAC 101 ist ein Gasanalysator, der speziell auf die genaue Analyse eines Tracergases hin entwickelt wurde. Es gibt ihn konfiguriert f\u00fcr die Analyse von Schwefelhexafluorid als Tracergas oder f\u00fcr die Analyse von bis zu 5 Perfluorocarbon Tracer.&nbsp;SF6 und PFT sind Gase, die k\u00fcnstlich hergestellt werden und nicht in der Natur [&hellip;]<\/p>\n","protected":false},"author":1,"featured_media":0,"parent":1874,"menu_order":0,"comment_status":"closed","ping_status":"closed","template":"","meta":{"ocean_post_layout":"full-screen","ocean_both_sidebars_style":"","ocean_both_sidebars_content_width":0,"ocean_both_sidebars_sidebars_width":0,"ocean_sidebar":"0","ocean_second_sidebar":"0","ocean_disable_margins":"enable","ocean_add_body_class":"","ocean_shortcode_before_top_bar":"","ocean_shortcode_after_top_bar":"","ocean_shortcode_before_header":"","ocean_shortcode_after_header":"","ocean_has_shortcode":"","ocean_shortcode_after_title":"","ocean_shortcode_before_footer_widgets":"","ocean_shortcode_after_footer_widgets":"","ocean_shortcode_before_footer_bottom":"","ocean_shortcode_after_footer_bottom":"","ocean_display_top_bar":"default","ocean_display_header":"default","ocean_header_style":"","ocean_center_header_left_menu":"0","ocean_custom_header_template":"0","ocean_custom_logo":0,"ocean_custom_retina_logo":0,"ocean_custom_logo_max_width":0,"ocean_custom_logo_tablet_max_width":0,"ocean_custom_logo_mobile_max_width":0,"ocean_custom_logo_max_height":0,"ocean_custom_logo_tablet_max_height":0,"ocean_custom_logo_mobile_max_height":0,"ocean_header_custom_menu":"0","ocean_menu_typo_font_family":"0","ocean_menu_typo_font_subset":"","ocean_menu_typo_font_size":0,"ocean_menu_typo_font_size_tablet":0,"ocean_menu_typo_font_size_mobile":0,"ocean_menu_typo_font_size_unit":"px","ocean_menu_typo_font_weight":"","ocean_menu_typo_font_weight_tablet":"","ocean_menu_typo_font_weight_mobile":"","ocean_menu_typo_transform":"","ocean_menu_typo_transform_tablet":"","ocean_menu_typo_transform_mobile":"","ocean_menu_typo_line_height":0,"ocean_menu_typo_line_height_tablet":0,"ocean_menu_typo_line_height_mobile":0,"ocean_menu_typo_line_height_unit":"","ocean_menu_typo_spacing":0,"ocean_menu_typo_spacing_tablet":0,"ocean_menu_typo_spacing_mobile":0,"ocean_menu_typo_spacing_unit":"","ocean_menu_link_color":"","ocean_menu_link_color_hover":"","ocean_menu_link_color_active":"","ocean_menu_link_background":"","ocean_menu_link_hover_background":"","ocean_menu_link_active_background":"","ocean_menu_social_links_bg":"","ocean_menu_social_hover_links_bg":"","ocean_menu_social_links_color":"","ocean_menu_social_hover_links_color":"","ocean_disable_title":"on","ocean_disable_heading":"default","ocean_post_title":"","ocean_post_subheading":"","ocean_post_title_style":"","ocean_post_title_background_color":"","ocean_post_title_background":0,"ocean_post_title_bg_image_position":"","ocean_post_title_bg_image_attachment":"","ocean_post_title_bg_image_repeat":"","ocean_post_title_bg_image_size":"","ocean_post_title_height":0,"ocean_post_title_bg_overlay":0.5,"ocean_post_title_bg_overlay_color":"","ocean_disable_breadcrumbs":"default","ocean_breadcrumbs_color":"","ocean_breadcrumbs_separator_color":"","ocean_breadcrumbs_links_color":"","ocean_breadcrumbs_links_hover_color":"","ocean_display_footer_widgets":"default","ocean_display_footer_bottom":"default","ocean_custom_footer_template":"0","footnotes":""},"class_list":["post-1951","page","type-page","status-publish","hentry","entry"],"yoast_head":"<!-- This site is optimized with the Yoast SEO plugin v27.2 - https:\/\/yoast.com\/product\/yoast-seo-wordpress\/ -->\n<title>Autotrac - TracerTech<\/title>\n<meta name=\"robots\" content=\"index, follow, max-snippet:-1, max-image-preview:large, max-video-preview:-1\" \/>\n<link rel=\"canonical\" href=\"https:\/\/tracertech.de\/en\/leistungen\/autotrac\/\" \/>\n<meta property=\"og:locale\" content=\"en_US\" \/>\n<meta property=\"og:type\" content=\"article\" \/>\n<meta property=\"og:title\" content=\"Autotrac - TracerTech\" \/>\n<meta property=\"og:description\" content=\"Autotrac 101 Der Tracergasanalysator Der AUTOTRAC 101 ist ein Gasanalysator, der speziell auf die genaue Analyse eines Tracergases hin entwickelt wurde. Es gibt ihn konfiguriert f\u00fcr die Analyse von Schwefelhexafluorid als Tracergas oder f\u00fcr die Analyse von bis zu 5 Perfluorocarbon Tracer.&nbsp;SF6 und PFT sind Gase, die k\u00fcnstlich hergestellt werden und nicht in der Natur [&hellip;]\" \/>\n<meta property=\"og:url\" content=\"https:\/\/tracertech.de\/en\/leistungen\/autotrac\/\" \/>\n<meta property=\"og:site_name\" content=\"TracerTech\" \/>\n<meta property=\"article:modified_time\" content=\"2022-02-15T18:29:44+00:00\" \/>\n<meta name=\"twitter:card\" content=\"summary_large_image\" \/>\n<meta name=\"twitter:label1\" content=\"Est. reading time\" \/>\n\t<meta name=\"twitter:data1\" content=\"2 minutes\" \/>\n<script type=\"application\/ld+json\" class=\"yoast-schema-graph\">{\"@context\":\"https:\/\/schema.org\",\"@graph\":[{\"@type\":\"WebPage\",\"@id\":\"https:\/\/tracertech.de\/leistungen\/autotrac\/\",\"url\":\"https:\/\/tracertech.de\/leistungen\/autotrac\/\",\"name\":\"Autotrac - TracerTech\",\"isPartOf\":{\"@id\":\"https:\/\/tracertech.de\/#website\"},\"datePublished\":\"2022-01-01T13:21:24+00:00\",\"dateModified\":\"2022-02-15T18:29:44+00:00\",\"breadcrumb\":{\"@id\":\"https:\/\/tracertech.de\/leistungen\/autotrac\/#breadcrumb\"},\"inLanguage\":\"en-US\",\"potentialAction\":[{\"@type\":\"ReadAction\",\"target\":[\"https:\/\/tracertech.de\/leistungen\/autotrac\/\"]}]},{\"@type\":\"BreadcrumbList\",\"@id\":\"https:\/\/tracertech.de\/leistungen\/autotrac\/#breadcrumb\",\"itemListElement\":[{\"@type\":\"ListItem\",\"position\":1,\"name\":\"Startseite\",\"item\":\"https:\/\/tracertech.de\/\"},{\"@type\":\"ListItem\",\"position\":2,\"name\":\"Leistungen\",\"item\":\"https:\/\/tracertech.de\/leistungen\/\"},{\"@type\":\"ListItem\",\"position\":3,\"name\":\"Autotrac\"}]},{\"@type\":\"WebSite\",\"@id\":\"https:\/\/tracertech.de\/#website\",\"url\":\"https:\/\/tracertech.de\/\",\"name\":\"TracerTech\",\"description\":\"\",\"publisher\":{\"@id\":\"https:\/\/tracertech.de\/#organization\"},\"potentialAction\":[{\"@type\":\"SearchAction\",\"target\":{\"@type\":\"EntryPoint\",\"urlTemplate\":\"https:\/\/tracertech.de\/?s={search_term_string}\"},\"query-input\":{\"@type\":\"PropertyValueSpecification\",\"valueRequired\":true,\"valueName\":\"search_term_string\"}}],\"inLanguage\":\"en-US\"},{\"@type\":\"Organization\",\"@id\":\"https:\/\/tracertech.de\/#organization\",\"name\":\"TracerTech\",\"url\":\"https:\/\/tracertech.de\/\",\"logo\":{\"@type\":\"ImageObject\",\"inLanguage\":\"en-US\",\"@id\":\"https:\/\/tracertech.de\/#\/schema\/logo\/image\/\",\"url\":\"https:\/\/tracertech.de\/wp-content\/uploads\/2020\/04\/cropped-rsz_tt-logo_neu.png\",\"contentUrl\":\"https:\/\/tracertech.de\/wp-content\/uploads\/2020\/04\/cropped-rsz_tt-logo_neu.png\",\"width\":250,\"height\":61,\"caption\":\"TracerTech\"},\"image\":{\"@id\":\"https:\/\/tracertech.de\/#\/schema\/logo\/image\/\"}}]}<\/script>\n<!-- \/ Yoast SEO plugin. -->","yoast_head_json":{"title":"Autotrac - TracerTech","robots":{"index":"index","follow":"follow","max-snippet":"max-snippet:-1","max-image-preview":"max-image-preview:large","max-video-preview":"max-video-preview:-1"},"canonical":"https:\/\/tracertech.de\/en\/leistungen\/autotrac\/","og_locale":"en_US","og_type":"article","og_title":"Autotrac - TracerTech","og_description":"Autotrac 101 Der Tracergasanalysator Der AUTOTRAC 101 ist ein Gasanalysator, der speziell auf die genaue Analyse eines Tracergases hin entwickelt wurde. Es gibt ihn konfiguriert f\u00fcr die Analyse von Schwefelhexafluorid als Tracergas oder f\u00fcr die Analyse von bis zu 5 Perfluorocarbon Tracer.&nbsp;SF6 und PFT sind Gase, die k\u00fcnstlich hergestellt werden und nicht in der Natur [&hellip;]","og_url":"https:\/\/tracertech.de\/en\/leistungen\/autotrac\/","og_site_name":"TracerTech","article_modified_time":"2022-02-15T18:29:44+00:00","twitter_card":"summary_large_image","twitter_misc":{"Est. reading time":"2 minutes"},"schema":{"@context":"https:\/\/schema.org","@graph":[{"@type":"WebPage","@id":"https:\/\/tracertech.de\/leistungen\/autotrac\/","url":"https:\/\/tracertech.de\/leistungen\/autotrac\/","name":"Autotrac - TracerTech","isPartOf":{"@id":"https:\/\/tracertech.de\/#website"},"datePublished":"2022-01-01T13:21:24+00:00","dateModified":"2022-02-15T18:29:44+00:00","breadcrumb":{"@id":"https:\/\/tracertech.de\/leistungen\/autotrac\/#breadcrumb"},"inLanguage":"en-US","potentialAction":[{"@type":"ReadAction","target":["https:\/\/tracertech.de\/leistungen\/autotrac\/"]}]},{"@type":"BreadcrumbList","@id":"https:\/\/tracertech.de\/leistungen\/autotrac\/#breadcrumb","itemListElement":[{"@type":"ListItem","position":1,"name":"Startseite","item":"https:\/\/tracertech.de\/"},{"@type":"ListItem","position":2,"name":"Leistungen","item":"https:\/\/tracertech.de\/leistungen\/"},{"@type":"ListItem","position":3,"name":"Autotrac"}]},{"@type":"WebSite","@id":"https:\/\/tracertech.de\/#website","url":"https:\/\/tracertech.de\/","name":"TracerTech","description":"","publisher":{"@id":"https:\/\/tracertech.de\/#organization"},"potentialAction":[{"@type":"SearchAction","target":{"@type":"EntryPoint","urlTemplate":"https:\/\/tracertech.de\/?s={search_term_string}"},"query-input":{"@type":"PropertyValueSpecification","valueRequired":true,"valueName":"search_term_string"}}],"inLanguage":"en-US"},{"@type":"Organization","@id":"https:\/\/tracertech.de\/#organization","name":"TracerTech","url":"https:\/\/tracertech.de\/","logo":{"@type":"ImageObject","inLanguage":"en-US","@id":"https:\/\/tracertech.de\/#\/schema\/logo\/image\/","url":"https:\/\/tracertech.de\/wp-content\/uploads\/2020\/04\/cropped-rsz_tt-logo_neu.png","contentUrl":"https:\/\/tracertech.de\/wp-content\/uploads\/2020\/04\/cropped-rsz_tt-logo_neu.png","width":250,"height":61,"caption":"TracerTech"},"image":{"@id":"https:\/\/tracertech.de\/#\/schema\/logo\/image\/"}}]}},"_links":{"self":[{"href":"https:\/\/tracertech.de\/en\/wp-json\/wp\/v2\/pages\/1951","targetHints":{"allow":["GET"]}}],"collection":[{"href":"https:\/\/tracertech.de\/en\/wp-json\/wp\/v2\/pages"}],"about":[{"href":"https:\/\/tracertech.de\/en\/wp-json\/wp\/v2\/types\/page"}],"author":[{"embeddable":true,"href":"https:\/\/tracertech.de\/en\/wp-json\/wp\/v2\/users\/1"}],"replies":[{"embeddable":true,"href":"https:\/\/tracertech.de\/en\/wp-json\/wp\/v2\/comments?post=1951"}],"version-history":[{"count":87,"href":"https:\/\/tracertech.de\/en\/wp-json\/wp\/v2\/pages\/1951\/revisions"}],"predecessor-version":[{"id":2783,"href":"https:\/\/tracertech.de\/en\/wp-json\/wp\/v2\/pages\/1951\/revisions\/2783"}],"up":[{"embeddable":true,"href":"https:\/\/tracertech.de\/en\/wp-json\/wp\/v2\/pages\/1874"}],"wp:attachment":[{"href":"https:\/\/tracertech.de\/en\/wp-json\/wp\/v2\/media?parent=1951"}],"curies":[{"name":"wp","href":"https:\/\/api.w.org\/{rel}","templated":true}]}}