{"id":1496,"date":"2020-06-13T08:44:57","date_gmt":"2020-06-13T08:44:57","guid":{"rendered":"https:\/\/tracertech.de\/?page_id=1496"},"modified":"2022-03-05T12:47:52","modified_gmt":"2022-03-05T12:47:52","slug":"strassenfertiger","status":"publish","type":"page","link":"https:\/\/tracertech.de\/en\/leistungen\/projekte\/strassenfertiger\/","title":{"rendered":"Road Paver"},"content":{"rendered":"<div data-elementor-type=\"wp-page\" data-elementor-id=\"1496\" class=\"elementor elementor-1496\" data-elementor-post-type=\"page\">\n\t\t\t\t\t\t<section class=\"ob-is-breaking-bad elementor-section elementor-top-section elementor-element elementor-element-201e7f7 elementor-section-height-min-height elementor-section-boxed elementor-section-height-default elementor-section-items-middle\" data-id=\"201e7f7\" data-element_type=\"section\" data-e-type=\"section\" data-settings=\"{&quot;background_background&quot;:&quot;classic&quot;,&quot;_ob_bbad_use_it&quot;:&quot;yes&quot;,&quot;_ob_bbad_sssic_use&quot;:&quot;no&quot;,&quot;_ob_glider_is_slider&quot;:&quot;no&quot;}\">\n\t\t\t\t\t\t\t<div class=\"elementor-background-overlay\"><\/div>\n\t\t\t\t\t\t\t<div class=\"elementor-container elementor-column-gap-default\">\n\t\t\t\t\t<div class=\"elementor-column elementor-col-100 elementor-top-column elementor-element elementor-element-c591146\" data-id=\"c591146\" data-element_type=\"column\" data-e-type=\"column\" data-settings=\"{&quot;_ob_bbad_is_stalker&quot;:&quot;no&quot;,&quot;_ob_teleporter_use&quot;:false,&quot;_ob_column_hoveranimator&quot;:&quot;no&quot;,&quot;_ob_column_has_pseudo&quot;:&quot;no&quot;}\">\n\t\t\t<div class=\"elementor-widget-wrap elementor-element-populated\">\n\t\t\t\t\t\t<div class=\"elementor-element elementor-element-6a813c5 ob-harakiri-inherit ob-has-background-overlay elementor-widget elementor-widget-text-editor\" data-id=\"6a813c5\" data-element_type=\"widget\" data-e-type=\"widget\" data-settings=\"{&quot;_ob_use_harakiri&quot;:&quot;yes&quot;,&quot;_ob_harakiri_writing_mode&quot;:&quot;inherit&quot;,&quot;_ob_postman_use&quot;:&quot;no&quot;,&quot;_ob_perspektive_use&quot;:&quot;no&quot;,&quot;_ob_poopart_use&quot;:&quot;yes&quot;,&quot;_ob_shadough_use&quot;:&quot;no&quot;,&quot;_ob_allow_hoveranimator&quot;:&quot;no&quot;,&quot;_ob_widget_stalker_use&quot;:&quot;no&quot;}\" data-widget_type=\"text-editor.default\">\n\t\t\t\t<div class=\"elementor-widget-container\">\n\t\t\t\t\t\t\t\t\t<p><strong>Testing of the Exhaust Ventilation System<br \/><\/strong>according to NIOSH<strong><br \/><\/strong><\/p>\t\t\t\t\t\t\t\t<\/div>\n\t\t\t\t<\/div>\n\t\t\t\t\t<\/div>\n\t\t<\/div>\n\t\t\t\t\t<\/div>\n\t\t<\/section>\n\t\t\t\t<section class=\"ob-is-breaking-bad elementor-section elementor-top-section elementor-element elementor-element-2519052 elementor-section-boxed elementor-section-height-default elementor-section-height-default\" data-id=\"2519052\" data-element_type=\"section\" data-e-type=\"section\" data-settings=\"{&quot;_ob_bbad_use_it&quot;:&quot;yes&quot;,&quot;_ob_bbad_sssic_use&quot;:&quot;no&quot;,&quot;_ob_glider_is_slider&quot;:&quot;no&quot;}\">\n\t\t\t\t\t\t<div class=\"elementor-container elementor-column-gap-default\">\n\t\t\t\t\t<div class=\"elementor-column elementor-col-100 elementor-top-column elementor-element elementor-element-7c773a4\" data-id=\"7c773a4\" data-element_type=\"column\" data-e-type=\"column\" data-settings=\"{&quot;_ob_bbad_is_stalker&quot;:&quot;no&quot;,&quot;_ob_teleporter_use&quot;:false,&quot;_ob_column_hoveranimator&quot;:&quot;no&quot;,&quot;_ob_column_has_pseudo&quot;:&quot;no&quot;}\">\n\t\t\t<div class=\"elementor-widget-wrap elementor-element-populated\">\n\t\t\t\t\t\t<div class=\"elementor-element elementor-element-c801771 ob-harakiri-inherit ob-has-background-overlay elementor-widget elementor-widget-text-editor\" data-id=\"c801771\" data-element_type=\"widget\" data-e-type=\"widget\" data-settings=\"{&quot;_ob_use_harakiri&quot;:&quot;yes&quot;,&quot;_ob_harakiri_writing_mode&quot;:&quot;inherit&quot;,&quot;_ob_postman_use&quot;:&quot;no&quot;,&quot;_ob_perspektive_use&quot;:&quot;no&quot;,&quot;_ob_poopart_use&quot;:&quot;yes&quot;,&quot;_ob_shadough_use&quot;:&quot;no&quot;,&quot;_ob_allow_hoveranimator&quot;:&quot;no&quot;,&quot;_ob_widget_stalker_use&quot;:&quot;no&quot;}\" data-widget_type=\"text-editor.default\">\n\t\t\t\t<div class=\"elementor-widget-container\">\n\t\t\t\t\t\t\t\t\t<p>The \u201eEngineering Control Guidelines for hot mix asphalt pavers, Part 1 \u2013 New Highway-Class Pavers DHHS Pub. No. 97-105\u201c resp. the ISO\/DIS 20500-5 demand, that more than 80% of the released gases during the paving process are captured and exhausted away from the driver's platform.<\/p><p>The current standard version demands a tracer gas test with SF6 or equivalent. Because SF6 is the gas with the highest global warming potential (GWP) it is important to emit as little tracer gas as possible. The TracerTech technique makes it possible to inject SF6 by a factor of more than1000 less compared to tests with Infrared analysing equipment.<\/p><p>TracerTech can also do such tests using Perfluorocarbon tracer gases with have a GWP less than 1\/3 compared to SF<sub>6<\/sub>, thus, less problematic for the environment.<\/p><p>Die zunehmende Sensibilisierung im Arbeitsschutz f\u00fchrt dazu, nicht nur im Labortest, sondern im realen Betrieb die Exposition im F\u00fchrerhaus des Stra\u00dfenfertigers bestimmen zu wollen. Bei unserem Messverfahren sowohl bei SF6 als auch bei PFT ist es m\u00f6glich, die Injektion \u00fcber eine kleine Laborgasflasche mobil auszubringen, Proben in Plastikspritzen zu nehmen und anschl. im Labor auszuwerten, um damit wirklich die reale Belastungssituation zu erfassen.<\/p>\t\t\t\t\t\t\t\t<\/div>\n\t\t\t\t<\/div>\n\t\t\t\t\t<\/div>\n\t\t<\/div>\n\t\t\t\t\t<\/div>\n\t\t<\/section>\n\t\t\t\t<\/div>","protected":false},"excerpt":{"rendered":"<p>Test der Absauganlage gem\u00e4\u00df NIOSH Die \u201eEngineering Control Guidelines for hot mix asphalt pavers, Part 1 \u2013 New Highway-Class Pavers DHHS Pub. No. 97-105\u201c bzw. die ISO\/DIS 20500-5 sehen vor, dass die Absauganlage eines Stra\u00dfenfertigers die D\u00e4mpfe, die w\u00e4hrend des Asphaltierens entstehen, zu mehr als 80% absaugen und aus dem Aufenthaltsbereich des Fertiger-F\u00fchrerstands transportieren muss. [&hellip;]<\/p>\n","protected":false},"author":1,"featured_media":0,"parent":2114,"menu_order":5,"comment_status":"closed","ping_status":"closed","template":"","meta":{"ocean_post_layout":"full-screen","ocean_both_sidebars_style":"","ocean_both_sidebars_content_width":0,"ocean_both_sidebars_sidebars_width":0,"ocean_sidebar":"0","ocean_second_sidebar":"0","ocean_disable_margins":"enable","ocean_add_body_class":"","ocean_shortcode_before_top_bar":"","ocean_shortcode_after_top_bar":"","ocean_shortcode_before_header":"","ocean_shortcode_after_header":"","ocean_has_shortcode":"","ocean_shortcode_after_title":"","ocean_shortcode_before_footer_widgets":"","ocean_shortcode_after_footer_widgets":"","ocean_shortcode_before_footer_bottom":"","ocean_shortcode_after_footer_bottom":"","ocean_display_top_bar":"default","ocean_display_header":"default","ocean_header_style":"","ocean_center_header_left_menu":"0","ocean_custom_header_template":"0","ocean_custom_logo":0,"ocean_custom_retina_logo":0,"ocean_custom_logo_max_width":0,"ocean_custom_logo_tablet_max_width":0,"ocean_custom_logo_mobile_max_width":0,"ocean_custom_logo_max_height":0,"ocean_custom_logo_tablet_max_height":0,"ocean_custom_logo_mobile_max_height":0,"ocean_header_custom_menu":"0","ocean_menu_typo_font_family":"0","ocean_menu_typo_font_subset":"","ocean_menu_typo_font_size":0,"ocean_menu_typo_font_size_tablet":0,"ocean_menu_typo_font_size_mobile":0,"ocean_menu_typo_font_size_unit":"px","ocean_menu_typo_font_weight":"","ocean_menu_typo_font_weight_tablet":"","ocean_menu_typo_font_weight_mobile":"","ocean_menu_typo_transform":"","ocean_menu_typo_transform_tablet":"","ocean_menu_typo_transform_mobile":"","ocean_menu_typo_line_height":0,"ocean_menu_typo_line_height_tablet":0,"ocean_menu_typo_line_height_mobile":0,"ocean_menu_typo_line_height_unit":"","ocean_menu_typo_spacing":0,"ocean_menu_typo_spacing_tablet":0,"ocean_menu_typo_spacing_mobile":0,"ocean_menu_typo_spacing_unit":"","ocean_menu_link_color":"","ocean_menu_link_color_hover":"","ocean_menu_link_color_active":"","ocean_menu_link_background":"","ocean_menu_link_hover_background":"","ocean_menu_link_active_background":"","ocean_menu_social_links_bg":"","ocean_menu_social_hover_links_bg":"","ocean_menu_social_links_color":"","ocean_menu_social_hover_links_color":"","ocean_disable_title":"on","ocean_disable_heading":"default","ocean_post_title":"","ocean_post_subheading":"","ocean_post_title_style":"","ocean_post_title_background_color":"","ocean_post_title_background":0,"ocean_post_title_bg_image_position":"","ocean_post_title_bg_image_attachment":"","ocean_post_title_bg_image_repeat":"","ocean_post_title_bg_image_size":"","ocean_post_title_height":0,"ocean_post_title_bg_overlay":0.5,"ocean_post_title_bg_overlay_color":"","ocean_disable_breadcrumbs":"default","ocean_breadcrumbs_color":"","ocean_breadcrumbs_separator_color":"","ocean_breadcrumbs_links_color":"","ocean_breadcrumbs_links_hover_color":"","ocean_display_footer_widgets":"default","ocean_display_footer_bottom":"default","ocean_custom_footer_template":"0","footnotes":""},"class_list":["post-1496","page","type-page","status-publish","hentry","entry"],"yoast_head":"<!-- This site is optimized with the Yoast SEO plugin v27.2 - https:\/\/yoast.com\/product\/yoast-seo-wordpress\/ -->\n<title>Stra\u00dfenfertiger - TracerTech<\/title>\n<meta name=\"robots\" content=\"index, follow, max-snippet:-1, max-image-preview:large, max-video-preview:-1\" \/>\n<link rel=\"canonical\" href=\"https:\/\/tracertech.de\/en\/leistungen\/projekte\/strassenfertiger\/\" \/>\n<meta property=\"og:locale\" content=\"en_US\" \/>\n<meta property=\"og:type\" content=\"article\" \/>\n<meta property=\"og:title\" content=\"Stra\u00dfenfertiger - TracerTech\" \/>\n<meta property=\"og:description\" content=\"Test der Absauganlage gem\u00e4\u00df NIOSH Die \u201eEngineering Control Guidelines for hot mix asphalt pavers, Part 1 \u2013 New Highway-Class Pavers DHHS Pub. No. 97-105\u201c bzw. die ISO\/DIS 20500-5 sehen vor, dass die Absauganlage eines Stra\u00dfenfertigers die D\u00e4mpfe, die w\u00e4hrend des Asphaltierens entstehen, zu mehr als 80% absaugen und aus dem Aufenthaltsbereich des Fertiger-F\u00fchrerstands transportieren muss. [&hellip;]\" \/>\n<meta property=\"og:url\" content=\"https:\/\/tracertech.de\/en\/leistungen\/projekte\/strassenfertiger\/\" \/>\n<meta property=\"og:site_name\" content=\"TracerTech\" \/>\n<meta property=\"article:modified_time\" content=\"2022-03-05T12:47:52+00:00\" \/>\n<meta name=\"twitter:card\" content=\"summary_large_image\" \/>\n<meta name=\"twitter:label1\" content=\"Est. reading time\" \/>\n\t<meta name=\"twitter:data1\" content=\"2 minutes\" \/>\n<script type=\"application\/ld+json\" class=\"yoast-schema-graph\">{\"@context\":\"https:\/\/schema.org\",\"@graph\":[{\"@type\":\"WebPage\",\"@id\":\"https:\/\/tracertech.de\/leistungen\/projekte\/strassenfertiger\/\",\"url\":\"https:\/\/tracertech.de\/leistungen\/projekte\/strassenfertiger\/\",\"name\":\"Stra\u00dfenfertiger - TracerTech\",\"isPartOf\":{\"@id\":\"https:\/\/tracertech.de\/#website\"},\"datePublished\":\"2020-06-13T08:44:57+00:00\",\"dateModified\":\"2022-03-05T12:47:52+00:00\",\"breadcrumb\":{\"@id\":\"https:\/\/tracertech.de\/leistungen\/projekte\/strassenfertiger\/#breadcrumb\"},\"inLanguage\":\"en-US\",\"potentialAction\":[{\"@type\":\"ReadAction\",\"target\":[\"https:\/\/tracertech.de\/leistungen\/projekte\/strassenfertiger\/\"]}]},{\"@type\":\"BreadcrumbList\",\"@id\":\"https:\/\/tracertech.de\/leistungen\/projekte\/strassenfertiger\/#breadcrumb\",\"itemListElement\":[{\"@type\":\"ListItem\",\"position\":1,\"name\":\"Startseite\",\"item\":\"https:\/\/tracertech.de\/\"},{\"@type\":\"ListItem\",\"position\":2,\"name\":\"Leistungen\",\"item\":\"https:\/\/tracertech.de\/leistungen\/\"},{\"@type\":\"ListItem\",\"position\":3,\"name\":\"Projekte\",\"item\":\"https:\/\/tracertech.de\/leistungen\/projekte\/\"},{\"@type\":\"ListItem\",\"position\":4,\"name\":\"Stra\u00dfenfertiger\"}]},{\"@type\":\"WebSite\",\"@id\":\"https:\/\/tracertech.de\/#website\",\"url\":\"https:\/\/tracertech.de\/\",\"name\":\"TracerTech\",\"description\":\"\",\"publisher\":{\"@id\":\"https:\/\/tracertech.de\/#organization\"},\"potentialAction\":[{\"@type\":\"SearchAction\",\"target\":{\"@type\":\"EntryPoint\",\"urlTemplate\":\"https:\/\/tracertech.de\/?s={search_term_string}\"},\"query-input\":{\"@type\":\"PropertyValueSpecification\",\"valueRequired\":true,\"valueName\":\"search_term_string\"}}],\"inLanguage\":\"en-US\"},{\"@type\":\"Organization\",\"@id\":\"https:\/\/tracertech.de\/#organization\",\"name\":\"TracerTech\",\"url\":\"https:\/\/tracertech.de\/\",\"logo\":{\"@type\":\"ImageObject\",\"inLanguage\":\"en-US\",\"@id\":\"https:\/\/tracertech.de\/#\/schema\/logo\/image\/\",\"url\":\"https:\/\/tracertech.de\/wp-content\/uploads\/2020\/04\/cropped-rsz_tt-logo_neu.png\",\"contentUrl\":\"https:\/\/tracertech.de\/wp-content\/uploads\/2020\/04\/cropped-rsz_tt-logo_neu.png\",\"width\":250,\"height\":61,\"caption\":\"TracerTech\"},\"image\":{\"@id\":\"https:\/\/tracertech.de\/#\/schema\/logo\/image\/\"}}]}<\/script>\n<!-- \/ Yoast SEO plugin. -->","yoast_head_json":{"title":"Stra\u00dfenfertiger - TracerTech","robots":{"index":"index","follow":"follow","max-snippet":"max-snippet:-1","max-image-preview":"max-image-preview:large","max-video-preview":"max-video-preview:-1"},"canonical":"https:\/\/tracertech.de\/en\/leistungen\/projekte\/strassenfertiger\/","og_locale":"en_US","og_type":"article","og_title":"Stra\u00dfenfertiger - TracerTech","og_description":"Test der Absauganlage gem\u00e4\u00df NIOSH Die \u201eEngineering Control Guidelines for hot mix asphalt pavers, Part 1 \u2013 New Highway-Class Pavers DHHS Pub. No. 97-105\u201c bzw. die ISO\/DIS 20500-5 sehen vor, dass die Absauganlage eines Stra\u00dfenfertigers die D\u00e4mpfe, die w\u00e4hrend des Asphaltierens entstehen, zu mehr als 80% absaugen und aus dem Aufenthaltsbereich des Fertiger-F\u00fchrerstands transportieren muss. [&hellip;]","og_url":"https:\/\/tracertech.de\/en\/leistungen\/projekte\/strassenfertiger\/","og_site_name":"TracerTech","article_modified_time":"2022-03-05T12:47:52+00:00","twitter_card":"summary_large_image","twitter_misc":{"Est. reading time":"2 minutes"},"schema":{"@context":"https:\/\/schema.org","@graph":[{"@type":"WebPage","@id":"https:\/\/tracertech.de\/leistungen\/projekte\/strassenfertiger\/","url":"https:\/\/tracertech.de\/leistungen\/projekte\/strassenfertiger\/","name":"Stra\u00dfenfertiger - TracerTech","isPartOf":{"@id":"https:\/\/tracertech.de\/#website"},"datePublished":"2020-06-13T08:44:57+00:00","dateModified":"2022-03-05T12:47:52+00:00","breadcrumb":{"@id":"https:\/\/tracertech.de\/leistungen\/projekte\/strassenfertiger\/#breadcrumb"},"inLanguage":"en-US","potentialAction":[{"@type":"ReadAction","target":["https:\/\/tracertech.de\/leistungen\/projekte\/strassenfertiger\/"]}]},{"@type":"BreadcrumbList","@id":"https:\/\/tracertech.de\/leistungen\/projekte\/strassenfertiger\/#breadcrumb","itemListElement":[{"@type":"ListItem","position":1,"name":"Startseite","item":"https:\/\/tracertech.de\/"},{"@type":"ListItem","position":2,"name":"Leistungen","item":"https:\/\/tracertech.de\/leistungen\/"},{"@type":"ListItem","position":3,"name":"Projekte","item":"https:\/\/tracertech.de\/leistungen\/projekte\/"},{"@type":"ListItem","position":4,"name":"Stra\u00dfenfertiger"}]},{"@type":"WebSite","@id":"https:\/\/tracertech.de\/#website","url":"https:\/\/tracertech.de\/","name":"TracerTech","description":"","publisher":{"@id":"https:\/\/tracertech.de\/#organization"},"potentialAction":[{"@type":"SearchAction","target":{"@type":"EntryPoint","urlTemplate":"https:\/\/tracertech.de\/?s={search_term_string}"},"query-input":{"@type":"PropertyValueSpecification","valueRequired":true,"valueName":"search_term_string"}}],"inLanguage":"en-US"},{"@type":"Organization","@id":"https:\/\/tracertech.de\/#organization","name":"TracerTech","url":"https:\/\/tracertech.de\/","logo":{"@type":"ImageObject","inLanguage":"en-US","@id":"https:\/\/tracertech.de\/#\/schema\/logo\/image\/","url":"https:\/\/tracertech.de\/wp-content\/uploads\/2020\/04\/cropped-rsz_tt-logo_neu.png","contentUrl":"https:\/\/tracertech.de\/wp-content\/uploads\/2020\/04\/cropped-rsz_tt-logo_neu.png","width":250,"height":61,"caption":"TracerTech"},"image":{"@id":"https:\/\/tracertech.de\/#\/schema\/logo\/image\/"}}]}},"_links":{"self":[{"href":"https:\/\/tracertech.de\/en\/wp-json\/wp\/v2\/pages\/1496","targetHints":{"allow":["GET"]}}],"collection":[{"href":"https:\/\/tracertech.de\/en\/wp-json\/wp\/v2\/pages"}],"about":[{"href":"https:\/\/tracertech.de\/en\/wp-json\/wp\/v2\/types\/page"}],"author":[{"embeddable":true,"href":"https:\/\/tracertech.de\/en\/wp-json\/wp\/v2\/users\/1"}],"replies":[{"embeddable":true,"href":"https:\/\/tracertech.de\/en\/wp-json\/wp\/v2\/comments?post=1496"}],"version-history":[{"count":23,"href":"https:\/\/tracertech.de\/en\/wp-json\/wp\/v2\/pages\/1496\/revisions"}],"predecessor-version":[{"id":3044,"href":"https:\/\/tracertech.de\/en\/wp-json\/wp\/v2\/pages\/1496\/revisions\/3044"}],"up":[{"embeddable":true,"href":"https:\/\/tracertech.de\/en\/wp-json\/wp\/v2\/pages\/2114"}],"wp:attachment":[{"href":"https:\/\/tracertech.de\/en\/wp-json\/wp\/v2\/media?parent=1496"}],"curies":[{"name":"wp","href":"https:\/\/api.w.org\/{rel}","templated":true}]}}